{"id":1133,"date":"2023-01-10T13:29:05","date_gmt":"2023-01-10T18:29:05","guid":{"rendered":"https:\/\/humanitiesdata.ca\/?page_id=1133"},"modified":"2023-01-10T13:44:54","modified_gmt":"2023-01-10T18:44:54","slug":"inke-partnership","status":"publish","type":"page","link":"https:\/\/humanitiesdata.ca\/fr\/projects\/inke-partnership\/","title":{"rendered":"INKE \u00e0 uOttawa"},"content":{"rendered":"<p class=\"translation-block\">Dirig\u00e9 par Ray Siemens (Universit\u00e9 de Victoria), le partenariat Implementing New Knowledge Environments (INKE) est un r\u00e9seau de recherche nord-am\u00e9ricain dont l'objectif est de favoriser l'\u00e9rudition sociale ouverte : une pratique universitaire qui permet la cr\u00e9ation, la diffusion et l'engagement de la recherche ouverte par des sp\u00e9cialistes et des non-sp\u00e9cialistes. INKE a d\u00e9velopp\u00e9 un certain nombre d'initiatives (dont l'<a href=\"https:\/\/ospolicyobservatory.uvic.ca\/\" target=\"_blank\" rel=\"noopener noreferrer\" data-type=\"URL\" data-id=\"https:\/\/ospolicyobservatory.uvic.ca\/\"> Open Scholarship Policy Observatory<\/a> et le <a href=\"https:\/\/hsscommons.ca\" target=\"_self\">Canadian Humanities and Social Sciences (HSS) Commons<\/a>) qui contribuent \u00e0 la r\u00e9alisation de ces objectifs. Constance Crompton est co-responsable du groupe INKE Formation et mentorat avec Laura Estill (Universit\u00e9 St. Francis Xavier).<\/p>","protected":false},"excerpt":{"rendered":"<p>Lead by Ray Siemens (University of Victoria),&nbsp; the Implementing New Knowledge Environments (INKE) Partnership is a North American-based research network with the goal of fostering open social scholarship: academic practice that enables the creation, dissemination, and engagement of open research by specialists and non-specialists. INKE has developed a number of<span class=\"more-link\"><a href=\"https:\/\/humanitiesdata.ca\/fr\/projects\/inke-partnership\/\">Read More &rarr;<\/a><\/span><\/p>","protected":false},"author":1,"featured_media":1140,"parent":68,"menu_order":0,"comment_status":"closed","ping_status":"closed","template":"","meta":{"footnotes":""},"class_list":["entry","author-crompton","post-1133","page","type-page","status-publish","has-post-thumbnail"],"_links":{"self":[{"href":"https:\/\/humanitiesdata.ca\/fr\/wp-json\/wp\/v2\/pages\/1133","targetHints":{"allow":["GET"]}}],"collection":[{"href":"https:\/\/humanitiesdata.ca\/fr\/wp-json\/wp\/v2\/pages"}],"about":[{"href":"https:\/\/humanitiesdata.ca\/fr\/wp-json\/wp\/v2\/types\/page"}],"author":[{"embeddable":true,"href":"https:\/\/humanitiesdata.ca\/fr\/wp-json\/wp\/v2\/users\/1"}],"replies":[{"embeddable":true,"href":"https:\/\/humanitiesdata.ca\/fr\/wp-json\/wp\/v2\/comments?post=1133"}],"version-history":[{"count":3,"href":"https:\/\/humanitiesdata.ca\/fr\/wp-json\/wp\/v2\/pages\/1133\/revisions"}],"predecessor-version":[{"id":1141,"href":"https:\/\/humanitiesdata.ca\/fr\/wp-json\/wp\/v2\/pages\/1133\/revisions\/1141"}],"up":[{"embeddable":true,"href":"https:\/\/humanitiesdata.ca\/fr\/wp-json\/wp\/v2\/pages\/68"}],"wp:featuredmedia":[{"embeddable":true,"href":"https:\/\/humanitiesdata.ca\/fr\/wp-json\/wp\/v2\/media\/1140"}],"wp:attachment":[{"href":"https:\/\/humanitiesdata.ca\/fr\/wp-json\/wp\/v2\/media?parent=1133"}],"curies":[{"name":"wp","href":"https:\/\/api.w.org\/{rel}","templated":true}]}}