{"id":191,"date":"2018-11-24T17:49:01","date_gmt":"2018-11-24T22:49:01","guid":{"rendered":"https:\/\/humanitiesdata.ca\/?page_id=191"},"modified":"2021-05-26T09:01:47","modified_gmt":"2021-05-26T13:01:47","slug":"rijeka-in-flux","status":"publish","type":"page","link":"https:\/\/humanitiesdata.ca\/fr\/projects\/past-projects\/rijeka-in-flux\/","title":{"rendered":"Rijeka dans Flux"},"content":{"rendered":"<div id=\"pl-191\"  class=\"panel-layout\" ><div id=\"pg-191-0\"  class=\"panel-grid panel-no-style\" ><div id=\"pgc-191-0-0\"  class=\"panel-grid-cell\" ><div id=\"panel-191-0-0-0\" class=\"so-panel widget widget_text panel-first-child panel-last-child\" data-index=\"0\" >\t\t\t<div class=\"textwidget\"><p><em>Rijeka dans Flux<\/em>\u00a0est dirig\u00e9 par Brigitte LeNormand (UBCO). Le projet se concentre sur les cons\u00e9quences des changements de fronti\u00e8res sur la ville de Rijeka (Fiume) apr\u00e8s la Seconde Guerre mondiale, et vise \u00e0 faire la lumi\u00e8re sur l&#039;impact des changements de fronti\u00e8res dans l&#039;Europe du XXe si\u00e8cle, o\u00f9 ces changements ont \u00e9t\u00e9 fr\u00e9quents, tr\u00e8s controvers\u00e9s et cons\u00e9quent pour les habitants. Jusqu&#039;\u00e0 pr\u00e9sent, les changements de fronti\u00e8res apr\u00e8s la Seconde Guerre mondiale ont \u00e9t\u00e9 largement trait\u00e9s comme une rupture dramatique caract\u00e9ris\u00e9e par un nettoyage ethnique. En se concentrant sur un cas o\u00f9 la rupture \u00e9tait beaucoup moins compl\u00e8te, en adoptant une approche th\u00e9orique qui se concentre sur les cons\u00e9quences des changements de fronti\u00e8res pour les flux de diff\u00e9rents types, et en innovant une nouvelle m\u00e9thodologie, ce projet propose d&#039;approfondir notre compr\u00e9hension de l&#039;impact des changements de fronti\u00e8res et de d\u00e9velopper de nouveaux outils pour \u00e9valuer cet impact.<\/p>\n<p>Travaillant en \u00e9troite collaboration avec les \u00e9quipes de cartographie et d&#039;histoire, l&#039;\u00e9quipe Humanit\u00e9s num\u00e9riques du projet d\u00e9veloppe des m\u00e9thodes pour mettre en avant les relations entre les \u00e9v\u00e9nements, les personnes, le temps et les lieux \u00e0 Rejika apr\u00e8s la Seconde Guerre mondiale, afin de trouver de nouveaux mod\u00e8les historiques \u00e0 grande \u00e9chelle.<\/p>\n<\/div>\n\t\t<\/div><\/div><\/div><\/div>","protected":false},"excerpt":{"rendered":"<p>Rijeka in Flux\u00a0is led by Brigitte LeNormand (UBCO). The project focuses on the consequences of border changes on the city of Rijeka (Fiume) after the Second World War, and aims to shed light on the impact of border changes in 20th century Europe, where such changes have been frequent, highly<span class=\"more-link\"><a href=\"https:\/\/humanitiesdata.ca\/fr\/projects\/past-projects\/rijeka-in-flux\/\">Read More &rarr;<\/a><\/span><\/p>","protected":false},"author":2,"featured_media":220,"parent":546,"menu_order":0,"comment_status":"closed","ping_status":"closed","template":"","meta":{"footnotes":""},"class_list":["entry","author-ning","post-191","page","type-page","status-publish","has-post-thumbnail"],"_links":{"self":[{"href":"https:\/\/humanitiesdata.ca\/fr\/wp-json\/wp\/v2\/pages\/191","targetHints":{"allow":["GET"]}}],"collection":[{"href":"https:\/\/humanitiesdata.ca\/fr\/wp-json\/wp\/v2\/pages"}],"about":[{"href":"https:\/\/humanitiesdata.ca\/fr\/wp-json\/wp\/v2\/types\/page"}],"author":[{"embeddable":true,"href":"https:\/\/humanitiesdata.ca\/fr\/wp-json\/wp\/v2\/users\/2"}],"replies":[{"embeddable":true,"href":"https:\/\/humanitiesdata.ca\/fr\/wp-json\/wp\/v2\/comments?post=191"}],"version-history":[{"count":4,"href":"https:\/\/humanitiesdata.ca\/fr\/wp-json\/wp\/v2\/pages\/191\/revisions"}],"predecessor-version":[{"id":709,"href":"https:\/\/humanitiesdata.ca\/fr\/wp-json\/wp\/v2\/pages\/191\/revisions\/709"}],"up":[{"embeddable":true,"href":"https:\/\/humanitiesdata.ca\/fr\/wp-json\/wp\/v2\/pages\/546"}],"wp:featuredmedia":[{"embeddable":true,"href":"https:\/\/humanitiesdata.ca\/fr\/wp-json\/wp\/v2\/media\/220"}],"wp:attachment":[{"href":"https:\/\/humanitiesdata.ca\/fr\/wp-json\/wp\/v2\/media?parent=191"}],"curies":[{"name":"wp","href":"https:\/\/api.w.org\/{rel}","templated":true}]}}