{"id":196,"date":"2018-11-24T17:55:31","date_gmt":"2018-11-24T22:55:31","guid":{"rendered":"https:\/\/humanitiesdata.ca\/?page_id=196"},"modified":"2023-11-15T14:44:52","modified_gmt":"2023-11-15T19:44:52","slug":"lesbian-and-gay-liberation-in-canada","status":"publish","type":"page","link":"https:\/\/humanitiesdata.ca\/fr\/projects\/lesbian-and-gay-liberation-in-canada\/","title":{"rendered":"Lib\u00e9ration lesbienne et gaie au Canada"},"content":{"rendered":"<div id=\"pl-196\"  class=\"panel-layout\" ><div id=\"pg-196-0\"  class=\"panel-grid panel-no-style\" ><div id=\"pgc-196-0-0\"  class=\"panel-grid-cell\" ><div id=\"panel-196-0-0-0\" class=\"so-panel widget widget_text panel-first-child\" data-index=\"0\" >\t\t\t<div class=\"textwidget\"><p>La\u00a0<a href=\"https:\/\/lglc.ca\/\"><em>Lib\u00e9ration lesbienne et gaie au Canada<\/em><\/a>\u00a0projet co-dirig\u00e9 par Constance Crompton et <a href=\"http:\/\/www.lackingauthoritycontrol.com\/\" target=\"_blank\" rel=\"noopener\">Michelle Schwartz<\/a>, explore le potentiel des environnements de recherche num\u00e9riques pour r\u00e9cup\u00e9rer les contributions canadiennes au mouvement de lib\u00e9ration gaie. Le projet LGLC reconfigure le remarquable projet de Donald McLeod\u00a0<em>La lib\u00e9ration des lesbiennes et des gais au Canada : une chronologie annot\u00e9e choisie<\/em>volumes 1 et 2, en tant que ressource au sein du\u00a0<a title=\"Collaboratif canadien de recherche en r\u00e9daction\" href=\"http:\/\/www.cwrc.ca\/en\/\" target=\"_blank\" rel=\"noopener\">CWRC<\/a>\u00a0corpus. Le LGLC est un CWRC\u00a0<a title=\"lglc\" href=\"http:\/\/www.cwrc.ca\/infrastructure-projects\/pilot-projects\/lesbian-and-gay-liberation-in-canada\/\" target=\"_blank\" rel=\"noopener\">projet pilote d&#039;infrastructures.<\/a><\/p>\n<p>Also, we love Wikipedia Editathons. You can find out more about our editathons, partners, and goals in <a href=\"https:\/\/ici.radio-canada.ca\/info\/videos\/1-8832097\/une-plus-grande-visibilite-histoire-communaute-lgbtq?isAutoPlay=1\">this short video<\/a>.<\/p>\n<\/div>\n\t\t<\/div><div id=\"panel-196-0-0-1\" class=\"so-panel widget widget_text panel-last-child\" data-index=\"1\" >\t\t\t<div class=\"textwidget\"><figure id=\"attachment_197\" aria-describedby=\"caption-attachment-197\" style=\"width: 300px\" class=\"wp-caption alignleft\"><img loading=\"lazy\" decoding=\"async\" class=\"size-medium wp-image-197\" src=\"https:\/\/humanitiesdata.ca\/wp-content\/uploads\/2018\/11\/lglc1-300x207.jpg\" alt=\"\" width=\"300\" height=\"207\" srcset=\"https:\/\/humanitiesdata.ca\/wp-content\/uploads\/2018\/11\/lglc1-300x207.jpg 300w, https:\/\/humanitiesdata.ca\/wp-content\/uploads\/2018\/11\/lglc1-768x530.jpg 768w, https:\/\/humanitiesdata.ca\/wp-content\/uploads\/2018\/11\/lglc1-465x321.jpg 465w, https:\/\/humanitiesdata.ca\/wp-content\/uploads\/2018\/11\/lglc1-695x480.jpg 695w, https:\/\/humanitiesdata.ca\/wp-content\/uploads\/2018\/11\/lglc1.jpg 781w\" sizes=\"auto, (max-width: 300px) 100vw, 300px\" \/><figcaption id=\"caption-attachment-197\" class=\"wp-caption-text\">Image reproduite avec l&#039;aimable autorisation des Archives lesbiennes et gaies canadiennes<\/figcaption><\/figure>\n<p>En tirant parti\u00a0<a title=\"Les lignes directrices de la TEI\" href=\"http:\/\/www.tei-c.org\/release\/doc\/tei-p5-doc\/en\/html\/index.html\">TEI<\/a>\u00a0(le langage de balisage XML de la Text Encoding Initiative), la technologie du Web s\u00e9mantique et les bases de donn\u00e9es de graphes (le type de base de donn\u00e9es qui alimente les sites de r\u00e9seaux sociaux comme Facebook), le LGLC \u00e9claire les liens entre les personnes, les organisations, les p\u00e9riodiques et les manifestations qui ont d\u00e9fini le mouvement de lib\u00e9ration gay alors qu&#039;il se d\u00e9pla\u00e7ait de ville en ville, offrant de nouvelles perspectives sur l&#039;action politique, l&#039;art et le lobbying qui ont conduit \u00e0 des r\u00e9formes juridiques historiques au Canada. Le projet LGLC compl\u00e8te la recherche archivistique qui informe le texte de base de McLeod avec de nouvelles informations sur les personnes, les p\u00e9riodiques et les lieux, permettant aux utilisateurs de g\u00e9n\u00e9rer des cartes et des chronologies personnalis\u00e9es en r\u00e9ponse \u00e0 leurs recherches. En plus de reproduire le texte, le projet permettra aux chercheurs de retracer les \u00e9v\u00e9nements du mouvement de lib\u00e9ration gay \u00e0 l&#039;aide de cartes et de chronologies ; mod\u00e9liser les identit\u00e9s changeantes des acteurs dans le texte\u00a0; et \u00e9valuer de mani\u00e8re critique la relation entre le texte et le mat\u00e9riel bibliographique qui le sous-tend. Le projet fournit une base pour nos recherches sur la mod\u00e9lisation de l&#039;identit\u00e9 et la repr\u00e9sentation du temps au niveau du code.<\/p>\n<\/div>\n\t\t<\/div><\/div><\/div><div id=\"pg-196-1\"  class=\"panel-grid panel-no-style\" ><div id=\"pgc-196-1-0\"  class=\"panel-grid-cell\" ><div id=\"panel-196-1-0-0\" class=\"so-panel widget widget_text panel-first-child panel-last-child\" data-index=\"2\" >\t\t\t<div class=\"textwidget\"><p>Le projet est financ\u00e9 par le programme Insight du CRSH, avec le soutien de l&#039;infrastructure de Calcul Canada, et est en cours de d\u00e9veloppement en collaboration avec Susan Brown (directrice Orlando et le Canadian Writing Research Collaboratory, Universit\u00e9 de l&#039;Alberta), Don McLeod (chef de l&#039;acquisition de publications en s\u00e9rie \u00e0 la Robarts Library , Universit\u00e9 de Toronto) et Elise Chenier (directrice des Archives of Lesbian Oral Testimony, Universit\u00e9 Simon Fraser).<\/p>\n<\/div>\n\t\t<\/div><\/div><\/div><\/div>","protected":false},"excerpt":{"rendered":"<p>The\u00a0Lesbian and Gay Liberation in Canada\u00a0project, co-directed by Constance Crompton and Michelle Schwartz,\u00a0explores the potential of digital research environments to recover Canadian contributions to the gay liberation movement.\u00a0 The LGLC project reconfigures Donald McLeod\u2019s remarkable\u00a0Lesbian and Gay Liberation In Canada: A Selected Annotated Chronologyvolumes 1 and 2, as a resources<span class=\"more-link\"><a href=\"https:\/\/humanitiesdata.ca\/fr\/projects\/lesbian-and-gay-liberation-in-canada\/\">Read More &rarr;<\/a><\/span><\/p>","protected":false},"author":2,"featured_media":197,"parent":68,"menu_order":0,"comment_status":"closed","ping_status":"closed","template":"","meta":{"footnotes":""},"class_list":["entry","author-ning","post-196","page","type-page","status-publish","has-post-thumbnail"],"_links":{"self":[{"href":"https:\/\/humanitiesdata.ca\/fr\/wp-json\/wp\/v2\/pages\/196","targetHints":{"allow":["GET"]}}],"collection":[{"href":"https:\/\/humanitiesdata.ca\/fr\/wp-json\/wp\/v2\/pages"}],"about":[{"href":"https:\/\/humanitiesdata.ca\/fr\/wp-json\/wp\/v2\/types\/page"}],"author":[{"embeddable":true,"href":"https:\/\/humanitiesdata.ca\/fr\/wp-json\/wp\/v2\/users\/2"}],"replies":[{"embeddable":true,"href":"https:\/\/humanitiesdata.ca\/fr\/wp-json\/wp\/v2\/comments?post=196"}],"version-history":[{"count":13,"href":"https:\/\/humanitiesdata.ca\/fr\/wp-json\/wp\/v2\/pages\/196\/revisions"}],"predecessor-version":[{"id":1245,"href":"https:\/\/humanitiesdata.ca\/fr\/wp-json\/wp\/v2\/pages\/196\/revisions\/1245"}],"up":[{"embeddable":true,"href":"https:\/\/humanitiesdata.ca\/fr\/wp-json\/wp\/v2\/pages\/68"}],"wp:featuredmedia":[{"embeddable":true,"href":"https:\/\/humanitiesdata.ca\/fr\/wp-json\/wp\/v2\/media\/197"}],"wp:attachment":[{"href":"https:\/\/humanitiesdata.ca\/fr\/wp-json\/wp\/v2\/media?parent=196"}],"curies":[{"name":"wp","href":"https:\/\/api.w.org\/{rel}","templated":true}]}}