{"id":40,"date":"2018-09-01T20:38:49","date_gmt":"2018-09-02T00:38:49","guid":{"rendered":"https:\/\/humanitiesdata.ca\/?page_id=40"},"modified":"2022-10-16T19:51:02","modified_gmt":"2022-10-16T23:51:02","slug":"home","status":"publish","type":"page","link":"https:\/\/humanitiesdata.ca\/fr\/","title":{"rendered":"Accueil"},"content":{"rendered":"<div id=\"pl-40\"  class=\"panel-layout\" ><div id=\"pg-40-0\"  class=\"panel-grid panel-no-style\" ><div id=\"pgc-40-0-0\"  class=\"panel-grid-cell\" ><div id=\"panel-40-0-0-0\" class=\"so-panel widget widget_sow-headline panel-first-child\" data-index=\"0\" ><div\n\t\t\t\n\t\t\tclass=\"so-widget-sow-headline so-widget-sow-headline-default-1dd6f5c26cd2-40\"\n\t\t\t\n\t\t><div class=\"sow-headline-container\">\n\t\t\t\t\t\t\t<h1 class=\"sow-headline\">\n\t\t\t\t\t\t\t\t\t\t\t\t\t<a href=\"https:\/\/humanitiesdata.ca\/fr\/about\/\" >\n\t\t\t\t\t\t\t\t\u00c0 propos<\/a>\t\t\t\t\t\t<\/h1>\n\t\t\t\t\t\t<\/div>\n<\/div><\/div><div id=\"panel-40-0-0-1\" class=\"so-panel widget widget_sow-image\" data-index=\"1\" ><div\n\t\t\t\n\t\t\tclass=\"so-widget-sow-image so-widget-sow-image-default-8b5b6f678277-40\"\n\t\t\t\n\t\t>\n<div class=\"sow-image-container\">\n\t\t<img \n\tsrc=\"https:\/\/humanitiesdata.ca\/wp-content\/uploads\/2018\/11\/Screen-Shot-2018-11-25-at-1.57.55-PM-1022x1024.png\" width=\"1022\" height=\"1024\" srcset=\"https:\/\/humanitiesdata.ca\/wp-content\/uploads\/2018\/11\/Screen-Shot-2018-11-25-at-1.57.55-PM-1022x1024.png 1022w, https:\/\/humanitiesdata.ca\/wp-content\/uploads\/2018\/11\/Screen-Shot-2018-11-25-at-1.57.55-PM-150x150.png 150w, https:\/\/humanitiesdata.ca\/wp-content\/uploads\/2018\/11\/Screen-Shot-2018-11-25-at-1.57.55-PM-300x300.png 300w, https:\/\/humanitiesdata.ca\/wp-content\/uploads\/2018\/11\/Screen-Shot-2018-11-25-at-1.57.55-PM-768x769.png 768w, https:\/\/humanitiesdata.ca\/wp-content\/uploads\/2018\/11\/Screen-Shot-2018-11-25-at-1.57.55-PM-465x466.png 465w, https:\/\/humanitiesdata.ca\/wp-content\/uploads\/2018\/11\/Screen-Shot-2018-11-25-at-1.57.55-PM-499x500.png 499w, https:\/\/humanitiesdata.ca\/wp-content\/uploads\/2018\/11\/Screen-Shot-2018-11-25-at-1.57.55-PM.png 1198w\" sizes=\"(max-width: 1022px) 100vw, 1022px\" alt=\"\" \t\tclass=\"so-widget-image\"\/>\n\t<\/div>\n\n<\/div><\/div><div id=\"panel-40-0-0-2\" class=\"so-panel widget widget_text panel-last-child\" data-index=\"2\" >\t\t\t<div class=\"textwidget\"><p>Le laboratoire de donn\u00e9es en sciences humaines abrite des projets qui s'engagent dans le travail des sciences humaines - ajoutant de la valeur aux artefacts culturels par l'interpr\u00e9tation et l'analyse - dans un contexte num\u00e9rique.<\/p>\n<\/div>\n\t\t<\/div><\/div><div id=\"pgc-40-0-1\"  class=\"panel-grid-cell\" ><div id=\"panel-40-0-1-0\" class=\"so-panel widget widget_sow-headline panel-first-child\" data-index=\"3\" ><div\n\t\t\t\n\t\t\tclass=\"so-widget-sow-headline so-widget-sow-headline-default-1dd6f5c26cd2-40\"\n\t\t\t\n\t\t><div class=\"sow-headline-container\">\n\t\t\t\t\t\t\t<h1 class=\"sow-headline\">\n\t\t\t\t\t\t\t\t\t\t\t\t\t<a href=\"https:\/\/humanitiesdata.ca\/fr\/projects\/\" >\n\t\t\t\t\t\t\t\tProjets<\/a>\t\t\t\t\t\t<\/h1>\n\t\t\t\t\t\t<\/div>\n<\/div><\/div><div id=\"panel-40-0-1-1\" class=\"so-panel widget widget_sow-image\" data-index=\"4\" ><div\n\t\t\t\n\t\t\tclass=\"so-widget-sow-image so-widget-sow-image-default-8b5b6f678277-40\"\n\t\t\t\n\t\t>\n<div class=\"sow-image-container\">\n\t\t<img \n\tsrc=\"https:\/\/humanitiesdata.ca\/wp-content\/uploads\/2018\/11\/Screen-Shot-2018-11-25-at-2.52.40-PM-996x1024.png\" width=\"996\" height=\"1024\" srcset=\"https:\/\/humanitiesdata.ca\/wp-content\/uploads\/2018\/11\/Screen-Shot-2018-11-25-at-2.52.40-PM-996x1024.png 996w, https:\/\/humanitiesdata.ca\/wp-content\/uploads\/2018\/11\/Screen-Shot-2018-11-25-at-2.52.40-PM-292x300.png 292w, https:\/\/humanitiesdata.ca\/wp-content\/uploads\/2018\/11\/Screen-Shot-2018-11-25-at-2.52.40-PM-768x789.png 768w, https:\/\/humanitiesdata.ca\/wp-content\/uploads\/2018\/11\/Screen-Shot-2018-11-25-at-2.52.40-PM-465x478.png 465w, https:\/\/humanitiesdata.ca\/wp-content\/uploads\/2018\/11\/Screen-Shot-2018-11-25-at-2.52.40-PM-486x500.png 486w, https:\/\/humanitiesdata.ca\/wp-content\/uploads\/2018\/11\/Screen-Shot-2018-11-25-at-2.52.40-PM.png 1043w\" sizes=\"(max-width: 996px) 100vw, 996px\" title=\"Capture d&#039;\u00e9cran 2018-11-25 \u00e0 2.52.40 PM\" alt=\"\" \t\tclass=\"so-widget-image\"\/>\n\t<\/div>\n\n<\/div><\/div><div id=\"panel-40-0-1-2\" class=\"so-panel widget widget_text panel-last-child\" data-index=\"5\" >\t\t\t<div class=\"textwidget\"><p>Tous les projets du laboratoire de donn\u00e9es en sciences humaines \u00e9tudient le code en tant que support durable pour repr\u00e9senter l'histoire culturelle. Les enjeux sont importants, car le d\u00e9veloppement de donn\u00e9es humanistes durables et robustes fa\u00e7onne ce que les universitaires et le grand public peuvent savoir sur l'histoire culturelle num\u00e9ris\u00e9e.<\/p>\n<\/div>\n\t\t<\/div><\/div><div id=\"pgc-40-0-2\"  class=\"panel-grid-cell\" ><div id=\"panel-40-0-2-0\" class=\"so-panel widget widget_sow-headline panel-first-child\" data-index=\"6\" ><div\n\t\t\t\n\t\t\tclass=\"so-widget-sow-headline so-widget-sow-headline-default-1dd6f5c26cd2-40\"\n\t\t\t\n\t\t><div class=\"sow-headline-container\">\n\t\t\t\t\t\t\t<h1 class=\"sow-headline\">\n\t\t\t\t\t\t\t\t\t\t\t\t\t<a href=\"https:\/\/humanitiesdata.ca\/fr\/people\/\" >\n\t\t\t\t\t\t\t\tMembres<\/a>\t\t\t\t\t\t<\/h1>\n\t\t\t\t\t\t<\/div>\n<\/div><\/div><div id=\"panel-40-0-2-1\" class=\"so-panel widget widget_sow-image\" data-index=\"7\" ><div\n\t\t\t\n\t\t\tclass=\"so-widget-sow-image so-widget-sow-image-default-8b5b6f678277-40\"\n\t\t\t\n\t\t>\n<div class=\"sow-image-container\">\n\t\t<img \n\tsrc=\"https:\/\/humanitiesdata.ca\/wp-content\/uploads\/2018\/11\/Screen-Shot-2018-11-25-at-2.13.15-PM-1024x1024.png\" width=\"1024\" height=\"1024\" srcset=\"https:\/\/humanitiesdata.ca\/wp-content\/uploads\/2018\/11\/Screen-Shot-2018-11-25-at-2.13.15-PM-1024x1024.png 1024w, https:\/\/humanitiesdata.ca\/wp-content\/uploads\/2018\/11\/Screen-Shot-2018-11-25-at-2.13.15-PM-150x150.png 150w, https:\/\/humanitiesdata.ca\/wp-content\/uploads\/2018\/11\/Screen-Shot-2018-11-25-at-2.13.15-PM-300x300.png 300w, https:\/\/humanitiesdata.ca\/wp-content\/uploads\/2018\/11\/Screen-Shot-2018-11-25-at-2.13.15-PM-768x768.png 768w, https:\/\/humanitiesdata.ca\/wp-content\/uploads\/2018\/11\/Screen-Shot-2018-11-25-at-2.13.15-PM-465x465.png 465w, https:\/\/humanitiesdata.ca\/wp-content\/uploads\/2018\/11\/Screen-Shot-2018-11-25-at-2.13.15-PM-500x500.png 500w, https:\/\/humanitiesdata.ca\/wp-content\/uploads\/2018\/11\/Screen-Shot-2018-11-25-at-2.13.15-PM.png 1200w\" sizes=\"(max-width: 1024px) 100vw, 1024px\" title=\"Capture d&#039;\u00e9cran 2018-11-25 \u00e0 2.13.15 PM\" alt=\"\" \t\tclass=\"so-widget-image\"\/>\n\t<\/div>\n\n<\/div><\/div><div id=\"panel-40-0-2-2\" class=\"so-panel widget widget_text panel-last-child\" data-index=\"8\" >\t\t\t<div class=\"textwidget\"><p>Le laboratoire de donn\u00e9es en sciences humaines ne serait pas possible sans l'incroyable \u00e9quipe derri\u00e8re toutes les recherches.<\/p>\n<\/div>\n\t\t<\/div><\/div><div id=\"pgc-40-0-3\"  class=\"panel-grid-cell\" ><div id=\"panel-40-0-3-0\" class=\"so-panel widget widget_sow-headline panel-first-child\" data-index=\"9\" ><div\n\t\t\t\n\t\t\tclass=\"so-widget-sow-headline so-widget-sow-headline-default-1dd6f5c26cd2-40\"\n\t\t\t\n\t\t><div class=\"sow-headline-container\">\n\t\t\t\t\t\t\t<h1 class=\"sow-headline\">\n\t\t\t\t\t\t\t\t\t\t\t\t\t<a href=\"https:\/\/humanitiesdata.ca\/fr\/news\/\" >\n\t\t\t\t\t\t\t\tNouvelles<\/a>\t\t\t\t\t\t<\/h1>\n\t\t\t\t\t\t<\/div>\n<\/div><\/div><div id=\"panel-40-0-3-1\" class=\"so-panel widget widget_sow-image\" data-index=\"10\" ><div\n\t\t\t\n\t\t\tclass=\"so-widget-sow-image so-widget-sow-image-default-8b5b6f678277-40\"\n\t\t\t\n\t\t>\n<div class=\"sow-image-container\">\n\t\t<img \n\tsrc=\"https:\/\/humanitiesdata.ca\/wp-content\/uploads\/2018\/11\/Screen-Shot-2018-11-25-at-2.13.39-PM-1024x1024.png\" width=\"1024\" height=\"1024\" srcset=\"https:\/\/humanitiesdata.ca\/wp-content\/uploads\/2018\/11\/Screen-Shot-2018-11-25-at-2.13.39-PM-1024x1024.png 1024w, https:\/\/humanitiesdata.ca\/wp-content\/uploads\/2018\/11\/Screen-Shot-2018-11-25-at-2.13.39-PM-150x150.png 150w, https:\/\/humanitiesdata.ca\/wp-content\/uploads\/2018\/11\/Screen-Shot-2018-11-25-at-2.13.39-PM-300x300.png 300w, https:\/\/humanitiesdata.ca\/wp-content\/uploads\/2018\/11\/Screen-Shot-2018-11-25-at-2.13.39-PM-768x768.png 768w, https:\/\/humanitiesdata.ca\/wp-content\/uploads\/2018\/11\/Screen-Shot-2018-11-25-at-2.13.39-PM-465x465.png 465w, https:\/\/humanitiesdata.ca\/wp-content\/uploads\/2018\/11\/Screen-Shot-2018-11-25-at-2.13.39-PM-500x500.png 500w, https:\/\/humanitiesdata.ca\/wp-content\/uploads\/2018\/11\/Screen-Shot-2018-11-25-at-2.13.39-PM.png 1200w\" sizes=\"(max-width: 1024px) 100vw, 1024px\" title=\"Capture d&#039;\u00e9cran 2018-11-25 \u00e0 2.13.39 PM\" alt=\"\" \t\tclass=\"so-widget-image\"\/>\n\t<\/div>\n\n<\/div><\/div><div id=\"panel-40-0-3-2\" class=\"so-panel widget widget_text panel-last-child\" data-index=\"11\" >\t\t\t<div class=\"textwidget\"><p>Soyez \u00e0 l'aff\u00fbt de toutes les actualit\u00e9s du laboratoire de donn\u00e9es en sciences humaines.<\/p>\n<\/div>\n\t\t<\/div><\/div><\/div><\/div>","protected":false},"excerpt":{"rendered":"<p>The Humanities Data Lab houses projects that engage in the work of the humanities\u2013adding value to cultural artifacts through interpretation and analysis\u2014in a digital context. All Humanities Data Lab projects investigate code as a sustainable medium for representing cultural history. The stakes are high, as the development of sustainable, robust<span class=\"more-link\"><a href=\"https:\/\/humanitiesdata.ca\/fr\/\">Read More &rarr;<\/a><\/span><\/p>","protected":false},"author":1,"featured_media":0,"parent":0,"menu_order":0,"comment_status":"closed","ping_status":"closed","template":"","meta":{"footnotes":""},"class_list":["entry","author-crompton","post-40","page","type-page","status-publish"],"_links":{"self":[{"href":"https:\/\/humanitiesdata.ca\/fr\/wp-json\/wp\/v2\/pages\/40","targetHints":{"allow":["GET"]}}],"collection":[{"href":"https:\/\/humanitiesdata.ca\/fr\/wp-json\/wp\/v2\/pages"}],"about":[{"href":"https:\/\/humanitiesdata.ca\/fr\/wp-json\/wp\/v2\/types\/page"}],"author":[{"embeddable":true,"href":"https:\/\/humanitiesdata.ca\/fr\/wp-json\/wp\/v2\/users\/1"}],"replies":[{"embeddable":true,"href":"https:\/\/humanitiesdata.ca\/fr\/wp-json\/wp\/v2\/comments?post=40"}],"version-history":[{"count":26,"href":"https:\/\/humanitiesdata.ca\/fr\/wp-json\/wp\/v2\/pages\/40\/revisions"}],"predecessor-version":[{"id":991,"href":"https:\/\/humanitiesdata.ca\/fr\/wp-json\/wp\/v2\/pages\/40\/revisions\/991"}],"wp:attachment":[{"href":"https:\/\/humanitiesdata.ca\/fr\/wp-json\/wp\/v2\/media?parent=40"}],"curies":[{"name":"wp","href":"https:\/\/api.w.org\/{rel}","templated":true}]}}