{"id":41,"date":"2018-09-01T20:38:49","date_gmt":"2018-09-02T00:38:49","guid":{"rendered":"https:\/\/humanitiesdata.ca\/?page_id=41"},"modified":"2023-11-15T14:35:34","modified_gmt":"2023-11-15T19:35:34","slug":"about","status":"publish","type":"page","link":"https:\/\/humanitiesdata.ca\/fr\/about\/","title":{"rendered":"\u00c0 propos"},"content":{"rendered":"<div id=\"pl-41\"  class=\"panel-layout\" ><div id=\"pg-41-0\"  class=\"panel-grid panel-no-style\" ><div id=\"pgc-41-0-0\"  class=\"panel-grid-cell\" ><div id=\"panel-41-0-0-0\" class=\"so-panel widget widget_sow-editor panel-first-child panel-last-child\" data-index=\"0\" ><div class=\"panel-widget-style panel-widget-style-for-41-0-0-0\" ><div\n\t\t\t\n\t\t\tclass=\"so-widget-sow-editor so-widget-sow-editor-base\"\n\t\t\t\n\t\t>\n<div class=\"siteorigin-widget-tinymce textwidget\">\n\t<p>Le laboratoire de donn\u00e9es en sciences humaines abrite des projets qui s'engagent dans le travail des sciences humaines - ajoutant de la valeur aux artefacts culturels par l'interpr\u00e9tation et l'analyse - dans un contexte num\u00e9rique. De mani\u00e8re g\u00e9n\u00e9rale, tous les projets du laboratoire \u00e9tudient le code en tant que support pour repr\u00e9senter l'histoire culturelle. Les enjeux sont importants, car le d\u00e9veloppement de donn\u00e9es humanistes durables et robustes fa\u00e7onne ce que les universitaires et le grand public peuvent apprendre sur l'histoire culturelle num\u00e9ris\u00e9e.<\/p>\n<p>Le laboratoire a commenc\u00e9 comme le <a href=\"http:\/\/blogs.ubc.ca\/sparkincubator\/\">Laboratoire d'\u00e9tincelles<\/a>, une collaboration avec le Dr Karis Shearer et le Dr Hussein Keshani, avant de devenir le Humanities Data Lab du campus Okanagan de l&#039;UBC. Le Dr Shearer a repris l&#039;espace de l&#039;UBC, le transformant en <a href=\"http:\/\/amplab.ok.ubc.ca\/index.php\/2021\/11\/04\/the-spark-research-incubator-or-the-lab-as-iterative-community\/\">Laboratoire AMP.<\/a> Le Dr Crompton a relocalis\u00e9 le Laboratoire de donn\u00e9es en sciences humaines et son programme de recherche \u00e0 l'Universit\u00e9 d'Ottawa en 2017, les r\u00e9novations du laboratoire ayant \u00e9t\u00e9 termin\u00e9es en 2020.<\/p>\n<\/div>\n<\/div><\/div><\/div><\/div><\/div><div id=\"pg-41-1\"  class=\"panel-grid panel-no-style\" ><div id=\"pgc-41-1-0\"  class=\"panel-grid-cell\" ><div id=\"panel-41-1-0-0\" class=\"so-panel widget widget_sow-video panel-first-child\" data-index=\"1\" ><div\n\t\t\t\n\t\t\tclass=\"so-widget-sow-video so-widget-sow-video-default-c08170c47cfb-41\"\n\t\t\t\n\t\t><h3 class=\"widget-title\">What are we up to in the Lab?<\/h3>\n<div class=\"sow-video-wrapper\">\n\t\t\t<iframe loading=\"lazy\" title=\"Constance Crompton - Royal Society of Canada\" width=\"1380\" height=\"776\" src=\"https:\/\/www.youtube.com\/embed\/IWxW-4osBjo?feature=oembed&enablejsapi=1\" frameborder=\"0\" allow=\"accelerometer; autoplay; clipboard-write; encrypted-media; gyroscope; picture-in-picture; web-share\" referrerpolicy=\"strict-origin-when-cross-origin\" allowfullscreen mozallowfullscreen webkitallowfullscreen sandbox =\"allow-scripts allow-same-origin allow-presentation\"><\/iframe>\t<\/div>\n<\/div><\/div><div id=\"panel-41-1-0-1\" class=\"so-panel widget widget_sow-headline\" data-index=\"2\" ><div\n\t\t\t\n\t\t\tclass=\"so-widget-sow-headline so-widget-sow-headline-default-47ab97a61314-41\"\n\t\t\t\n\t\t><div class=\"sow-headline-container\">\n\t\t\t\t\t\t\t<h1 class=\"sow-headline\">\n\t\t\t\t\t\tQue sont les Humanit\u00e9s Num\u00e9riques ?\t\t\t\t\t\t<\/h1>\n\t\t\t\t\t\t\t\t\t\t\t<div class=\"decoration\">\n\t\t\t\t\t\t<div class=\"decoration-inside\"><\/div>\n\t\t\t\t\t<\/div>\n\t\t\t\t\t<\/div>\n<\/div><\/div><div id=\"panel-41-1-0-2\" class=\"so-panel widget widget_sow-video\" data-index=\"3\" ><div\n\t\t\t\n\t\t\tclass=\"so-widget-sow-video so-widget-sow-video-default-c08170c47cfb-41\"\n\t\t\t\n\t\t>\n<div class=\"sow-video-wrapper\">\n\t\t\t\t<\/div>\n<\/div><\/div><div id=\"panel-41-1-0-3\" class=\"so-panel widget widget_sow-headline panel-last-child\" data-index=\"4\" ><div\n\t\t\t\n\t\t\tclass=\"so-widget-sow-headline so-widget-sow-headline-default-47ab97a61314-41\"\n\t\t\t\n\t\t><div class=\"sow-headline-container\">\n\t\t\t\t\t\t\t<h1 class=\"sow-headline\">\n\t\t\t\t\t\tAmis du labo\t\t\t\t\t\t<\/h1>\n\t\t\t\t\t\t\t\t\t\t\t<div class=\"decoration\">\n\t\t\t\t\t\t<div class=\"decoration-inside\"><\/div>\n\t\t\t\t\t<\/div>\n\t\t\t\t\t<\/div>\n<\/div><\/div><\/div><\/div><div id=\"pg-41-2\"  class=\"panel-grid panel-no-style\" ><div id=\"pgc-41-2-0\"  class=\"panel-grid-cell\" ><div id=\"panel-41-2-0-0\" class=\"so-panel widget widget_sow-image panel-first-child panel-last-child\" data-index=\"5\" ><div\n\t\t\t\n\t\t\tclass=\"so-widget-sow-image so-widget-sow-image-default-8b5b6f678277-41\"\n\t\t\t\n\t\t>\n<div class=\"sow-image-container\">\n\t\t\t<a href=\"https:\/\/etcl.uvic.ca\/\"\n\t\t\ttarget=\"_blank\" rel=\"noopener noreferrer\" \t\t>\n\t\t\t<img \n\tsrc=\"https:\/\/humanitiesdata.ca\/wp-content\/uploads\/2018\/11\/color_logo_transparent-e1536085841164.png\" width=\"2965\" height=\"874\" srcset=\"https:\/\/humanitiesdata.ca\/wp-content\/uploads\/2018\/11\/color_logo_transparent-e1536085841164.png 2965w, https:\/\/humanitiesdata.ca\/wp-content\/uploads\/2018\/11\/color_logo_transparent-e1536085841164-300x88.png 300w, https:\/\/humanitiesdata.ca\/wp-content\/uploads\/2018\/11\/color_logo_transparent-e1536085841164-768x226.png 768w, https:\/\/humanitiesdata.ca\/wp-content\/uploads\/2018\/11\/color_logo_transparent-e1536085841164-1024x302.png 1024w, https:\/\/humanitiesdata.ca\/wp-content\/uploads\/2018\/11\/color_logo_transparent-e1536085841164-465x137.png 465w, https:\/\/humanitiesdata.ca\/wp-content\/uploads\/2018\/11\/color_logo_transparent-e1536085841164-695x205.png 695w\" sizes=\"(max-width: 2965px) 100vw, 2965px\" alt=\"\" \t\tclass=\"so-widget-image\"\/>\n\t\t\t<\/a><\/div>\n\n<\/div><\/div><\/div><div id=\"pgc-41-2-1\"  class=\"panel-grid-cell\" ><div id=\"panel-41-2-1-0\" class=\"so-panel widget widget_sow-image panel-first-child panel-last-child\" data-index=\"6\" ><div\n\t\t\t\n\t\t\tclass=\"so-widget-sow-image so-widget-sow-image-default-8b5b6f678277-41\"\n\t\t\t\n\t\t>\n<div class=\"sow-image-container\">\n\t\t\t<a href=\"https:\/\/www.ryerson.ca\/cdh\/\"\n\t\t\ttarget=\"_blank\" rel=\"noopener noreferrer\" \t\t>\n\t\t\t<img \n\tsrc=\"https:\/\/humanitiesdata.ca\/wp-content\/uploads\/2018\/11\/1495678973893-300x159.jpg\" width=\"300\" height=\"159\" srcset=\"https:\/\/humanitiesdata.ca\/wp-content\/uploads\/2018\/11\/1495678973893-300x159.jpg 300w, https:\/\/humanitiesdata.ca\/wp-content\/uploads\/2018\/11\/1495678973893-465x247.jpg 465w, https:\/\/humanitiesdata.ca\/wp-content\/uploads\/2018\/11\/1495678973893.jpg 624w\" sizes=\"(max-width: 300px) 100vw, 300px\" alt=\"\" \t\tclass=\"so-widget-image\"\/>\n\t\t\t<\/a><\/div>\n\n<\/div><\/div><\/div><div id=\"pgc-41-2-2\"  class=\"panel-grid-cell\" ><div id=\"panel-41-2-2-0\" class=\"so-panel widget widget_sow-image panel-first-child panel-last-child\" data-index=\"7\" ><div\n\t\t\t\n\t\t\tclass=\"so-widget-sow-image so-widget-sow-image-default-8b5b6f678277-41\"\n\t\t\t\n\t\t>\n<div class=\"sow-image-container\">\n\t\t\t<a href=\"https:\/\/www.crihn.org\/\"\n\t\t\ttarget=\"_blank\" rel=\"noopener noreferrer\" \t\t>\n\t\t\t<img \n\tsrc=\"https:\/\/humanitiesdata.ca\/wp-content\/uploads\/2018\/11\/Screen-Shot-2018-11-22-at-6.07.52-PM.png\" width=\"816\" height=\"334\" srcset=\"https:\/\/humanitiesdata.ca\/wp-content\/uploads\/2018\/11\/Screen-Shot-2018-11-22-at-6.07.52-PM.png 816w, https:\/\/humanitiesdata.ca\/wp-content\/uploads\/2018\/11\/Screen-Shot-2018-11-22-at-6.07.52-PM-300x123.png 300w, https:\/\/humanitiesdata.ca\/wp-content\/uploads\/2018\/11\/Screen-Shot-2018-11-22-at-6.07.52-PM-768x314.png 768w, https:\/\/humanitiesdata.ca\/wp-content\/uploads\/2018\/11\/Screen-Shot-2018-11-22-at-6.07.52-PM-465x190.png 465w, https:\/\/humanitiesdata.ca\/wp-content\/uploads\/2018\/11\/Screen-Shot-2018-11-22-at-6.07.52-PM-695x284.png 695w\" sizes=\"(max-width: 816px) 100vw, 816px\" title=\"Capture d&#039;\u00e9cran 2018-11-22 \u00e0 6.07.52 PM\" alt=\"\" \t\tclass=\"so-widget-image\"\/>\n\t\t\t<\/a><\/div>\n\n<\/div><\/div><\/div><div id=\"pgc-41-2-3\"  class=\"panel-grid-cell\" ><div id=\"panel-41-2-3-0\" class=\"so-panel widget widget_sow-image panel-first-child panel-last-child\" data-index=\"8\" ><div\n\t\t\t\n\t\t\tclass=\"so-widget-sow-image so-widget-sow-image-default-8b5b6f678277-41\"\n\t\t\t\n\t\t>\n<div class=\"sow-image-container\">\n\t\t\t<a href=\"https:\/\/www.uoguelph.ca\/arts\/dhguelph\/thinc\"\n\t\t\ttarget=\"_blank\" rel=\"noopener noreferrer\" \t\t>\n\t\t\t<img \n\tsrc=\"https:\/\/humanitiesdata.ca\/wp-content\/uploads\/2018\/11\/web-logo_0.jpg\" width=\"850\" height=\"160\" srcset=\"https:\/\/humanitiesdata.ca\/wp-content\/uploads\/2018\/11\/web-logo_0.jpg 850w, https:\/\/humanitiesdata.ca\/wp-content\/uploads\/2018\/11\/web-logo_0-300x56.jpg 300w, https:\/\/humanitiesdata.ca\/wp-content\/uploads\/2018\/11\/web-logo_0-768x145.jpg 768w, https:\/\/humanitiesdata.ca\/wp-content\/uploads\/2018\/11\/web-logo_0-465x88.jpg 465w, https:\/\/humanitiesdata.ca\/wp-content\/uploads\/2018\/11\/web-logo_0-695x131.jpg 695w\" sizes=\"(max-width: 850px) 100vw, 850px\" alt=\"\" \t\tclass=\"so-widget-image\"\/>\n\t\t\t<\/a><\/div>\n\n<\/div><\/div><\/div><div id=\"pgc-41-2-4\"  class=\"panel-grid-cell\" ><div id=\"panel-41-2-4-0\" class=\"so-panel widget widget_sow-image panel-first-child panel-last-child\" data-index=\"9\" ><div\n\t\t\t\n\t\t\tclass=\"so-widget-sow-image so-widget-sow-image-default-8b5b6f678277-41\"\n\t\t\t\n\t\t>\n<div class=\"sow-image-container\">\n\t\t\t<a href=\"http:\/\/amplab.ok.ubc.ca\/\"\n\t\t\ttarget=\"_blank\" rel=\"noopener noreferrer\" \t\t>\n\t\t\t<img \n\tsrc=\"https:\/\/humanitiesdata.ca\/wp-content\/uploads\/2018\/11\/amp_logo_small.jpg\" width=\"284\" height=\"284\" srcset=\"https:\/\/humanitiesdata.ca\/wp-content\/uploads\/2018\/11\/amp_logo_small.jpg 284w, https:\/\/humanitiesdata.ca\/wp-content\/uploads\/2018\/11\/amp_logo_small-150x150.jpg 150w\" sizes=\"(max-width: 284px) 100vw, 284px\" alt=\"The Amp Lab (University of British Columbia, Okanagan)\" \t\tclass=\"so-widget-image\"\/>\n\t\t\t<\/a><\/div>\n\n<\/div><\/div><\/div><\/div><div id=\"pg-41-3\"  class=\"panel-grid panel-no-style\" ><div id=\"pgc-41-3-0\"  class=\"panel-grid-cell\" ><div id=\"panel-41-3-0-0\" class=\"so-panel widget widget_text panel-first-child panel-last-child\" data-index=\"10\" >\t\t\t<div class=\"textwidget\"><p><a href=\"https:\/\/etcl.uvic.ca\/\" target=\"_blank\">ETCL (Universit\u00e9 de Victoria)<\/a><\/p>\n<\/div>\n\t\t<\/div><\/div><div id=\"pgc-41-3-1\"  class=\"panel-grid-cell\" ><div id=\"panel-41-3-1-0\" class=\"so-panel widget widget_text panel-first-child panel-last-child\" data-index=\"11\" >\t\t\t<div class=\"textwidget\"><p><a href=\"https:\/\/www.ryerson.ca\/cdh\/\" target=\"_blank\">Centre des sciences humaines num\u00e9riques (Universit\u00e9 Ryerson)<\/a><\/p>\n<\/div>\n\t\t<\/div><\/div><div id=\"pgc-41-3-2\"  class=\"panel-grid-cell\" ><div id=\"panel-41-3-2-0\" class=\"so-panel widget widget_text panel-first-child panel-last-child\" data-index=\"12\" >\t\t\t<div class=\"textwidget\"><p><a href=\"https:\/\/www.crihn.org\/\" target=\"_blank\">CRIHN (Universit\u00e9 de Montr\u00e9al, Universit\u00e9 Laval, Universit\u00e9 Concordia, Universit\u00e9 du Qu\u00e9bec \u00e0 Montr\u00e9al, Universit\u00e9 McGill)<\/a><\/p>\n<\/div>\n\t\t<\/div><\/div><div id=\"pgc-41-3-3\"  class=\"panel-grid-cell\" ><div id=\"panel-41-3-3-0\" class=\"so-panel widget widget_text panel-first-child panel-last-child\" data-index=\"13\" >\t\t\t<div class=\"textwidget\"><p><a href=\"https:\/\/www.uoguelph.ca\/arts\/dhguelph\/thinc\" target=\"_blank\" rel=\"noopener\">Laboratoire THINC (Universit\u00e9 de Guelph)<\/a><\/p>\n<\/div>\n\t\t<\/div><\/div><div id=\"pgc-41-3-4\"  class=\"panel-grid-cell\" ><div id=\"panel-41-3-4-0\" class=\"so-panel widget widget_text panel-first-child panel-last-child\" data-index=\"14\" >\t\t\t<div class=\"textwidget\"><p><a href=\"http:\/\/amplab.ok.ubc.ca\/\">The Amp Lab (Universit\u00e9 de la Colombie-Britannique, Okanagan)<\/a><\/p>\n<\/div>\n\t\t<\/div><\/div><\/div><div id=\"pg-41-4\"  class=\"panel-grid panel-no-style\" ><div id=\"pgc-41-4-0\"  class=\"panel-grid-cell\" ><div id=\"panel-41-4-0-0\" class=\"so-panel widget widget_sow-headline panel-first-child\" data-index=\"15\" ><div\n\t\t\t\n\t\t\tclass=\"so-widget-sow-headline so-widget-sow-headline-default-47ab97a61314-41\"\n\t\t\t\n\t\t><div class=\"sow-headline-container\">\n\t\t\t\t\t\t\t<h1 class=\"sow-headline\">\n\t\t\t\t\t\tMerci\t\t\t\t\t\t<\/h1>\n\t\t\t\t\t\t\t\t\t\t\t<div class=\"decoration\">\n\t\t\t\t\t\t<div class=\"decoration-inside\"><\/div>\n\t\t\t\t\t<\/div>\n\t\t\t\t\t<\/div>\n<\/div><\/div><div id=\"panel-41-4-0-1\" class=\"so-panel widget widget_text panel-last-child\" data-index=\"16\" >\t\t\t<div class=\"textwidget\"><p>Le Laboratoire de donn\u00e9es en sciences humaines a \u00e9t\u00e9 rendu possible gr\u00e2ce au g\u00e9n\u00e9reux soutien de l&#039;Universit\u00e9 d&#039;Ottawa, de la Facult\u00e9 des arts (avec des remerciements particuliers \u00e0 l&#039;\u00e9quipe des installations), du D\u00e9partement de communication, des sciences humaines num\u00e9riques de l&#039;Universit\u00e9 d&#039;Ottawa et de la Fondation canadienne pour l&#039;innovation (FCI). Ses projets sont financ\u00e9s gr\u00e2ce au soutien du Conseil de recherches en sciences humaines du Canada, avec un soutien suppl\u00e9mentaire en mati\u00e8re d&#039;infrastructure de WestGrid et de Compute Canada.<\/p>\n<\/div>\n\t\t<\/div><\/div><\/div><div id=\"pg-41-5\"  class=\"panel-grid panel-no-style\" ><div id=\"pgc-41-5-0\"  class=\"panel-grid-cell\" ><div id=\"panel-41-5-0-0\" class=\"so-panel widget widget_sow-image panel-first-child panel-last-child\" data-index=\"17\" ><div\n\t\t\t\n\t\t\tclass=\"so-widget-sow-image so-widget-sow-image-default-8b5b6f678277-41\"\n\t\t\t\n\t\t>\n<div class=\"sow-image-container\">\n\t\t\t<a href=\"https:\/\/www.uottawa.ca\/en\"\n\t\t\ttarget=\"_blank\" rel=\"noopener noreferrer\" \t\t>\n\t\t\t<img \n\tsrc=\"https:\/\/humanitiesdata.ca\/wp-content\/uploads\/2018\/11\/uottawa_hor_black.png\" width=\"1002\" height=\"268\" srcset=\"https:\/\/humanitiesdata.ca\/wp-content\/uploads\/2018\/11\/uottawa_hor_black.png 1002w, https:\/\/humanitiesdata.ca\/wp-content\/uploads\/2018\/11\/uottawa_hor_black-300x80.png 300w, https:\/\/humanitiesdata.ca\/wp-content\/uploads\/2018\/11\/uottawa_hor_black-768x205.png 768w, https:\/\/humanitiesdata.ca\/wp-content\/uploads\/2018\/11\/uottawa_hor_black-465x124.png 465w, https:\/\/humanitiesdata.ca\/wp-content\/uploads\/2018\/11\/uottawa_hor_black-695x186.png 695w\" sizes=\"(max-width: 1002px) 100vw, 1002px\" alt=\"\" \t\tclass=\"so-widget-image\"\/>\n\t\t\t<\/a><\/div>\n\n<\/div><\/div><\/div><div id=\"pgc-41-5-1\"  class=\"panel-grid-cell\" ><div id=\"panel-41-5-1-0\" class=\"so-panel widget widget_sow-image panel-first-child panel-last-child\" data-index=\"18\" ><div\n\t\t\t\n\t\t\tclass=\"so-widget-sow-image so-widget-sow-image-default-8b5b6f678277-41\"\n\t\t\t\n\t\t>\n<div class=\"sow-image-container\">\n\t\t\t<a href=\"https:\/\/arts.uottawa.ca\/en\/programs\/digital-humanities\"\n\t\t\ttarget=\"_blank\" rel=\"noopener noreferrer\" \t\t>\n\t\t\t<img \n\tsrc=\"https:\/\/humanitiesdata.ca\/wp-content\/uploads\/2018\/11\/46275508_551339901997967_8038283645267476480_n.png\" width=\"4096\" height=\"2304\" srcset=\"https:\/\/humanitiesdata.ca\/wp-content\/uploads\/2018\/11\/46275508_551339901997967_8038283645267476480_n.png 4096w, https:\/\/humanitiesdata.ca\/wp-content\/uploads\/2018\/11\/46275508_551339901997967_8038283645267476480_n-300x169.png 300w, https:\/\/humanitiesdata.ca\/wp-content\/uploads\/2018\/11\/46275508_551339901997967_8038283645267476480_n-768x432.png 768w, https:\/\/humanitiesdata.ca\/wp-content\/uploads\/2018\/11\/46275508_551339901997967_8038283645267476480_n-1024x576.png 1024w, https:\/\/humanitiesdata.ca\/wp-content\/uploads\/2018\/11\/46275508_551339901997967_8038283645267476480_n-465x262.png 465w, https:\/\/humanitiesdata.ca\/wp-content\/uploads\/2018\/11\/46275508_551339901997967_8038283645267476480_n-695x391.png 695w\" sizes=\"(max-width: 4096px) 100vw, 4096px\" alt=\"\" \t\tclass=\"so-widget-image\"\/>\n\t\t\t<\/a><\/div>\n\n<\/div><\/div><\/div><div id=\"pgc-41-5-2\"  class=\"panel-grid-cell\" ><div id=\"panel-41-5-2-0\" class=\"so-panel widget widget_sow-image panel-first-child panel-last-child\" data-index=\"19\" ><div\n\t\t\t\n\t\t\tclass=\"so-widget-sow-image so-widget-sow-image-default-8b5b6f678277-41\"\n\t\t\t\n\t\t>\n<div class=\"sow-image-container\">\n\t\t\t<a href=\"https:\/\/www.innovation.ca\"\n\t\t\ttarget=\"_blank\" rel=\"noopener noreferrer\" \t\t>\n\t\t\t<img \n\tsrc=\"https:\/\/humanitiesdata.ca\/wp-content\/uploads\/2018\/11\/logo-01-300x70.png\" width=\"300\" height=\"70\" srcset=\"https:\/\/humanitiesdata.ca\/wp-content\/uploads\/2018\/11\/logo-01-300x70.png 300w, https:\/\/humanitiesdata.ca\/wp-content\/uploads\/2018\/11\/logo-01-768x179.png 768w, https:\/\/humanitiesdata.ca\/wp-content\/uploads\/2018\/11\/logo-01-465x108.png 465w, https:\/\/humanitiesdata.ca\/wp-content\/uploads\/2018\/11\/logo-01-695x162.png 695w, https:\/\/humanitiesdata.ca\/wp-content\/uploads\/2018\/11\/logo-01.png 855w\" sizes=\"(max-width: 300px) 100vw, 300px\" alt=\"\" \t\tclass=\"so-widget-image\"\/>\n\t\t\t<\/a><\/div>\n\n<\/div><\/div><\/div><div id=\"pgc-41-5-3\"  class=\"panel-grid-cell\" ><div id=\"panel-41-5-3-0\" class=\"so-panel widget widget_sow-image panel-first-child panel-last-child\" data-index=\"20\" ><div\n\t\t\t\n\t\t\tclass=\"so-widget-sow-image so-widget-sow-image-default-8b5b6f678277-41\"\n\t\t\t\n\t\t>\n<div class=\"sow-image-container\">\n\t\t\t<a href=\"http:\/\/www.sshrc-crsh.gc.ca\/\"\n\t\t\ttarget=\"_blank\" rel=\"noopener noreferrer\" \t\t>\n\t\t\t<img \n\tsrc=\"https:\/\/humanitiesdata.ca\/wp-content\/uploads\/2018\/11\/Canwordmark_colour.jpg\" width=\"896\" height=\"234\" srcset=\"https:\/\/humanitiesdata.ca\/wp-content\/uploads\/2018\/11\/Canwordmark_colour.jpg 896w, https:\/\/humanitiesdata.ca\/wp-content\/uploads\/2018\/11\/Canwordmark_colour-300x78.jpg 300w, https:\/\/humanitiesdata.ca\/wp-content\/uploads\/2018\/11\/Canwordmark_colour-768x201.jpg 768w, https:\/\/humanitiesdata.ca\/wp-content\/uploads\/2018\/11\/Canwordmark_colour-465x121.jpg 465w, https:\/\/humanitiesdata.ca\/wp-content\/uploads\/2018\/11\/Canwordmark_colour-695x182.jpg 695w\" sizes=\"(max-width: 896px) 100vw, 896px\" alt=\"\" \t\tclass=\"so-widget-image\"\/>\n\t\t\t<\/a><\/div>\n\n<\/div><\/div><\/div><\/div><div id=\"pg-41-6\"  class=\"panel-grid panel-no-style\" ><div id=\"pgc-41-6-0\"  class=\"panel-grid-cell\" ><div id=\"panel-41-6-0-0\" class=\"so-panel widget widget_text panel-first-child panel-last-child\" data-index=\"21\" >\t\t\t<div class=\"textwidget\"><p><a href=\"https:\/\/arts.uottawa.ca\/en\" target=\"_blank\" rel=\"noopener\">Facult\u00e9 des arts (Universit\u00e9 d&#039;Ottawa)<\/a><\/p>\n<\/div>\n\t\t<\/div><\/div><div id=\"pgc-41-6-1\"  class=\"panel-grid-cell\" ><div id=\"panel-41-6-1-0\" class=\"so-panel widget widget_text panel-first-child panel-last-child\" data-index=\"22\" >\t\t\t<div class=\"textwidget\"><p><a href=\"https:\/\/arts.uottawa.ca\/en\/programs\/digital-humanities\" target=\"_blank\" rel=\"noopener\">Humanit\u00e9s num\u00e9riques \u00e0 uOttawa (DH@uOttawa)<\/a><\/p>\n<\/div>\n\t\t<\/div><\/div><div id=\"pgc-41-6-2\"  class=\"panel-grid-cell\" ><div id=\"panel-41-6-2-0\" class=\"so-panel widget widget_text panel-first-child panel-last-child\" data-index=\"23\" >\t\t\t<div class=\"textwidget\"><p><a href=\"https:\/\/www.innovation.ca\/\" target=\"_blank\" rel=\"noopener\">Fondation canadienne pour l&#039;innovation (FCI)<\/a><\/p>\n<\/div>\n\t\t<\/div><\/div><div id=\"pgc-41-6-3\"  class=\"panel-grid-cell\" ><div id=\"panel-41-6-3-0\" class=\"so-panel widget widget_text panel-first-child panel-last-child\" data-index=\"24\" >\t\t\t<div class=\"textwidget\"><p><a href=\"http:\/\/www.sshrc-crsh.gc.ca\/\" target=\"_blank\" rel=\"noopener\">Conseil de recherches en sciences humaines du Canada<\/a><\/p>\n<\/div>\n\t\t<\/div><\/div><\/div><div id=\"pg-41-7\"  class=\"panel-grid panel-no-style\" ><div id=\"pgc-41-7-0\"  class=\"panel-grid-cell\" ><div id=\"panel-41-7-0-0\" class=\"so-panel widget widget_sow-image panel-first-child panel-last-child\" data-index=\"25\" ><div\n\t\t\t\n\t\t\tclass=\"so-widget-sow-image so-widget-sow-image-default-8b5b6f678277-41\"\n\t\t\t\n\t\t>\n<div class=\"sow-image-container\">\n\t\t\t<a href=\"https:\/\/www.westgrid.ca\/\"\n\t\t\ttarget=\"_blank\" rel=\"noopener noreferrer\" \t\t>\n\t\t\t<img \n\tsrc=\"https:\/\/humanitiesdata.ca\/wp-content\/uploads\/2018\/11\/wesgrid_logo_2016.png\" width=\"800\" height=\"272\" srcset=\"https:\/\/humanitiesdata.ca\/wp-content\/uploads\/2018\/11\/wesgrid_logo_2016.png 800w, https:\/\/humanitiesdata.ca\/wp-content\/uploads\/2018\/11\/wesgrid_logo_2016-300x102.png 300w, https:\/\/humanitiesdata.ca\/wp-content\/uploads\/2018\/11\/wesgrid_logo_2016-768x261.png 768w, https:\/\/humanitiesdata.ca\/wp-content\/uploads\/2018\/11\/wesgrid_logo_2016-465x158.png 465w, https:\/\/humanitiesdata.ca\/wp-content\/uploads\/2018\/11\/wesgrid_logo_2016-695x236.png 695w\" sizes=\"(max-width: 800px) 100vw, 800px\" alt=\"\" \t\tclass=\"so-widget-image\"\/>\n\t\t\t<\/a><\/div>\n\n<\/div><\/div><\/div><div id=\"pgc-41-7-1\"  class=\"panel-grid-cell\" ><div id=\"panel-41-7-1-0\" class=\"so-panel widget widget_sow-image panel-first-child panel-last-child\" data-index=\"26\" ><div\n\t\t\t\n\t\t\tclass=\"so-widget-sow-image so-widget-sow-image-default-8b5b6f678277-41\"\n\t\t\t\n\t\t>\n<div class=\"sow-image-container\">\n\t\t\t<a href=\"https:\/\/www.computecanada.ca\/\"\n\t\t\ttarget=\"_blank\" rel=\"noopener noreferrer\" \t\t>\n\t\t\t<img \n\tsrc=\"https:\/\/humanitiesdata.ca\/wp-content\/uploads\/2018\/11\/CC_SYMBOL_WORD_BILINGUAL_RGB-300x188.jpg\" width=\"300\" height=\"188\" srcset=\"https:\/\/humanitiesdata.ca\/wp-content\/uploads\/2018\/11\/CC_SYMBOL_WORD_BILINGUAL_RGB-300x188.jpg 300w, https:\/\/humanitiesdata.ca\/wp-content\/uploads\/2018\/11\/CC_SYMBOL_WORD_BILINGUAL_RGB-768x480.jpg 768w, https:\/\/humanitiesdata.ca\/wp-content\/uploads\/2018\/11\/CC_SYMBOL_WORD_BILINGUAL_RGB-465x291.jpg 465w, https:\/\/humanitiesdata.ca\/wp-content\/uploads\/2018\/11\/CC_SYMBOL_WORD_BILINGUAL_RGB-695x434.jpg 695w, https:\/\/humanitiesdata.ca\/wp-content\/uploads\/2018\/11\/CC_SYMBOL_WORD_BILINGUAL_RGB.jpg 800w\" sizes=\"(max-width: 300px) 100vw, 300px\" alt=\"\" \t\tclass=\"so-widget-image\"\/>\n\t\t\t<\/a><\/div>\n\n<\/div><\/div><\/div><div id=\"pgc-41-7-2\"  class=\"panel-grid-cell panel-grid-cell-empty panel-grid-cell-mobile-last\" ><\/div><div id=\"pgc-41-7-3\"  class=\"panel-grid-cell panel-grid-cell-empty\" ><\/div><\/div><div id=\"pg-41-8\"  class=\"panel-grid panel-no-style\" ><div id=\"pgc-41-8-0\"  class=\"panel-grid-cell\" ><div id=\"panel-41-8-0-0\" class=\"so-panel widget widget_text panel-first-child panel-last-child\" data-index=\"27\" >\t\t\t<div class=\"textwidget\"><p><a href=\"https:\/\/www.westgrid.ca\/\" target=\"_blank\" rel=\"noopener\">WestGridComment<\/a><\/p>\n<\/div>\n\t\t<\/div><\/div><div id=\"pgc-41-8-1\"  class=\"panel-grid-cell\" ><div id=\"panel-41-8-1-0\" class=\"so-panel widget widget_text panel-first-child panel-last-child\" data-index=\"28\" >\t\t\t<div class=\"textwidget\"><p><a href=\"https:\/\/www.computecanada.ca\/\" target=\"_blank\" rel=\"noopener\">Calcul Canada<\/a><\/p>\n<\/div>\n\t\t<\/div><\/div><div id=\"pgc-41-8-2\"  class=\"panel-grid-cell panel-grid-cell-empty panel-grid-cell-mobile-last\" ><\/div><div id=\"pgc-41-8-3\"  class=\"panel-grid-cell panel-grid-cell-empty\" ><\/div><\/div><\/div>","protected":false},"excerpt":{"rendered":"<p>The Humanities Data Lab houses projects that engage in the work of the humanities\u2013adding value to cultural artifacts through interpretation and analysis\u2013in a digital context. Broadly, all Humanities Data Lab projects investigate code as a sustainable medium for representing cultural history. The stakes are high, as the development of sustainable,<span class=\"more-link\"><a href=\"https:\/\/humanitiesdata.ca\/fr\/about\/\">Read More &rarr;<\/a><\/span><\/p>","protected":false},"author":1,"featured_media":0,"parent":0,"menu_order":0,"comment_status":"closed","ping_status":"closed","template":"","meta":{"footnotes":""},"class_list":["entry","author-crompton","post-41","page","type-page","status-publish"],"_links":{"self":[{"href":"https:\/\/humanitiesdata.ca\/fr\/wp-json\/wp\/v2\/pages\/41","targetHints":{"allow":["GET"]}}],"collection":[{"href":"https:\/\/humanitiesdata.ca\/fr\/wp-json\/wp\/v2\/pages"}],"about":[{"href":"https:\/\/humanitiesdata.ca\/fr\/wp-json\/wp\/v2\/types\/page"}],"author":[{"embeddable":true,"href":"https:\/\/humanitiesdata.ca\/fr\/wp-json\/wp\/v2\/users\/1"}],"replies":[{"embeddable":true,"href":"https:\/\/humanitiesdata.ca\/fr\/wp-json\/wp\/v2\/comments?post=41"}],"version-history":[{"count":52,"href":"https:\/\/humanitiesdata.ca\/fr\/wp-json\/wp\/v2\/pages\/41\/revisions"}],"predecessor-version":[{"id":1243,"href":"https:\/\/humanitiesdata.ca\/fr\/wp-json\/wp\/v2\/pages\/41\/revisions\/1243"}],"wp:attachment":[{"href":"https:\/\/humanitiesdata.ca\/fr\/wp-json\/wp\/v2\/media?parent=41"}],"curies":[{"name":"wp","href":"https:\/\/api.w.org\/{rel}","templated":true}]}}