{"id":506,"date":"2019-08-03T09:18:51","date_gmt":"2019-08-03T13:18:51","guid":{"rendered":"https:\/\/humanitiesdata.ca\/?page_id=506"},"modified":"2019-08-03T09:20:15","modified_gmt":"2019-08-03T13:20:15","slug":"nanohistory","status":"publish","type":"page","link":"https:\/\/humanitiesdata.ca\/fr\/projects\/nanohistory\/","title":{"rendered":"NanoHistoire"},"content":{"rendered":"<p><img loading=\"lazy\" decoding=\"async\" class=\"size-medium wp-image-507 alignleft\" src=\"https:\/\/humanitiesdata.ca\/wp-content\/uploads\/2019\/08\/nanohistory_long_title-300x104.png\" alt=\"NanoHistory PI Matthew Milner\" width=\"300\" height=\"104\" srcset=\"https:\/\/humanitiesdata.ca\/wp-content\/uploads\/2019\/08\/nanohistory_long_title-300x104.png 300w, https:\/\/humanitiesdata.ca\/wp-content\/uploads\/2019\/08\/nanohistory_long_title-768x266.png 768w, https:\/\/humanitiesdata.ca\/wp-content\/uploads\/2019\/08\/nanohistory_long_title-465x161.png 465w, https:\/\/humanitiesdata.ca\/wp-content\/uploads\/2019\/08\/nanohistory_long_title-695x241.png 695w, https:\/\/humanitiesdata.ca\/wp-content\/uploads\/2019\/08\/nanohistory_long_title.png 953w\" sizes=\"auto, (max-width: 300px) 100vw, 300px\" \/><a href=\"https:\/\/www.nanohistory.org\/\" target=\"_blank\" rel=\"noopener noreferrer\">NanoHistoire<\/a> (dirig\u00e9 par Matthew Milner, Memorial University) est une plate-forme d&#039;histoire num\u00e9rique con\u00e7ue pour permettre aux historiens et autres chercheurs travaillant avec des documents d&#039;archives de documenter et d&#039;organiser \u00abce qui s&#039;est pass\u00e9\u00bb en donn\u00e9es ouvertes lisibles par machine qui peuvent \u00eatre partag\u00e9es et visualis\u00e9es de nombreuses fa\u00e7ons avec d&#039;autres chercheurs, leur permettant de voir les voies et les mod\u00e8les \u00e0 travers leurs preuves, et d&#039;agr\u00e9ger et de mobiliser les donn\u00e9es de plusieurs projets.<\/p>\n<p>Au Humanities Data Lab, nous traitons les plus de 30 000 personnes, lieux et \u00e9v\u00e9nements du projet Lesbian and Gay Liberation in Canada et les 970 auteurs de Bartlett&#039;s Familiar Quotations pour les transformer en entit\u00e9s dans le projet.<\/p>","protected":false},"excerpt":{"rendered":"<p>NanoHistory (led by Matthew Milner, Memorial University) is digital history platform designed to allow historians and other scholars working with archival records to document and organize \u2018what happened\u2019 into machine \u00adreadable open data which can be shared and visualized in numerous ways with other scholars, allowing them to see pathways<span class=\"more-link\"><a href=\"https:\/\/humanitiesdata.ca\/fr\/projects\/nanohistory\/\">Read More &rarr;<\/a><\/span><\/p>","protected":false},"author":1,"featured_media":508,"parent":68,"menu_order":0,"comment_status":"closed","ping_status":"closed","template":"","meta":{"footnotes":""},"class_list":["entry","author-crompton","post-506","page","type-page","status-publish","has-post-thumbnail"],"_links":{"self":[{"href":"https:\/\/humanitiesdata.ca\/fr\/wp-json\/wp\/v2\/pages\/506","targetHints":{"allow":["GET"]}}],"collection":[{"href":"https:\/\/humanitiesdata.ca\/fr\/wp-json\/wp\/v2\/pages"}],"about":[{"href":"https:\/\/humanitiesdata.ca\/fr\/wp-json\/wp\/v2\/types\/page"}],"author":[{"embeddable":true,"href":"https:\/\/humanitiesdata.ca\/fr\/wp-json\/wp\/v2\/users\/1"}],"replies":[{"embeddable":true,"href":"https:\/\/humanitiesdata.ca\/fr\/wp-json\/wp\/v2\/comments?post=506"}],"version-history":[{"count":2,"href":"https:\/\/humanitiesdata.ca\/fr\/wp-json\/wp\/v2\/pages\/506\/revisions"}],"predecessor-version":[{"id":510,"href":"https:\/\/humanitiesdata.ca\/fr\/wp-json\/wp\/v2\/pages\/506\/revisions\/510"}],"up":[{"embeddable":true,"href":"https:\/\/humanitiesdata.ca\/fr\/wp-json\/wp\/v2\/pages\/68"}],"wp:featuredmedia":[{"embeddable":true,"href":"https:\/\/humanitiesdata.ca\/fr\/wp-json\/wp\/v2\/media\/508"}],"wp:attachment":[{"href":"https:\/\/humanitiesdata.ca\/fr\/wp-json\/wp\/v2\/media?parent=506"}],"curies":[{"name":"wp","href":"https:\/\/api.w.org\/{rel}","templated":true}]}}