{"id":546,"date":"2019-11-05T09:08:33","date_gmt":"2019-11-05T14:08:33","guid":{"rendered":"https:\/\/humanitiesdata.ca\/?page_id=546"},"modified":"2019-11-05T09:15:38","modified_gmt":"2019-11-05T14:15:38","slug":"past-projects","status":"publish","type":"page","link":"https:\/\/humanitiesdata.ca\/fr\/projects\/past-projects\/","title":{"rendered":"Projets ant\u00e9rieurs"},"content":{"rendered":"<p><a href=\"https:\/\/humanitiesdata.ca\/fr\/projects\/religious-cultures-in-medieval-spanish-historiography\/\">La confluence des cultures religieuses dans l&#039;historiographie m\u00e9di\u00e9vale<\/a><\/p>\n<p><a href=\"https:\/\/humanitiesdata.ca\/fr\/projects\/past-projects\/a-social-edition-of-the-devonshire-manuscript\/\">\u00c9dition sociale du manuscrit du Devonshire<\/a><\/p>","protected":false},"excerpt":{"rendered":"<p>La confluence des cultures religieuses dans l&#039;historiographie m\u00e9di\u00e9vale \u00c9dition sociale du manuscrit du Devonshire<span class=\"more-link\"><a href=\"https:\/\/humanitiesdata.ca\/fr\/projects\/past-projects\/\">Read More &rarr;<\/a><\/span><\/p>","protected":false},"author":1,"featured_media":0,"parent":68,"menu_order":5,"comment_status":"closed","ping_status":"closed","template":"","meta":{"footnotes":""},"class_list":["entry","author-crompton","post-546","page","type-page","status-publish"],"_links":{"self":[{"href":"https:\/\/humanitiesdata.ca\/fr\/wp-json\/wp\/v2\/pages\/546","targetHints":{"allow":["GET"]}}],"collection":[{"href":"https:\/\/humanitiesdata.ca\/fr\/wp-json\/wp\/v2\/pages"}],"about":[{"href":"https:\/\/humanitiesdata.ca\/fr\/wp-json\/wp\/v2\/types\/page"}],"author":[{"embeddable":true,"href":"https:\/\/humanitiesdata.ca\/fr\/wp-json\/wp\/v2\/users\/1"}],"replies":[{"embeddable":true,"href":"https:\/\/humanitiesdata.ca\/fr\/wp-json\/wp\/v2\/comments?post=546"}],"version-history":[{"count":4,"href":"https:\/\/humanitiesdata.ca\/fr\/wp-json\/wp\/v2\/pages\/546\/revisions"}],"predecessor-version":[{"id":553,"href":"https:\/\/humanitiesdata.ca\/fr\/wp-json\/wp\/v2\/pages\/546\/revisions\/553"}],"up":[{"embeddable":true,"href":"https:\/\/humanitiesdata.ca\/fr\/wp-json\/wp\/v2\/pages\/68"}],"wp:attachment":[{"href":"https:\/\/humanitiesdata.ca\/fr\/wp-json\/wp\/v2\/media?parent=546"}],"curies":[{"name":"wp","href":"https:\/\/api.w.org\/{rel}","templated":true}]}}