{"id":550,"date":"2019-11-05T09:13:40","date_gmt":"2019-11-05T14:13:40","guid":{"rendered":"https:\/\/humanitiesdata.ca\/?page_id=550"},"modified":"2019-11-05T10:17:25","modified_gmt":"2019-11-05T15:17:25","slug":"a-social-edition-of-the-devonshire-manuscript","status":"publish","type":"page","link":"https:\/\/humanitiesdata.ca\/fr\/projects\/past-projects\/a-social-edition-of-the-devonshire-manuscript\/","title":{"rendered":"Une \u00e9dition sociale du manuscrit du Devonshire"},"content":{"rendered":"<div id=\"pl-550\"  class=\"panel-layout\" ><div id=\"pg-550-0\"  class=\"panel-grid panel-no-style\" ><div id=\"pgc-550-0-0\"  class=\"panel-grid-cell\" ><div id=\"panel-550-0-0-0\" class=\"so-panel widget widget_sow-editor panel-first-child panel-last-child\" data-index=\"0\" ><div\n\t\t\t\n\t\t\tclass=\"so-widget-sow-editor so-widget-sow-editor-base\"\n\t\t\t\n\t\t>\n<div class=\"siteorigin-widget-tinymce textwidget\">\n\t<p><a href=\"http:\/\/constancecrompton.com\/wp-content\/uploads\/2011\/12\/Margaret_Douglas.jpg\"><img loading=\"lazy\" decoding=\"async\" class=\"size-medium wp-image-42 alignleft\" title=\"Margaret_Douglas\" src=\"http:\/\/constancecrompton.com\/wp-content\/uploads\/2011\/12\/Margaret_Douglas-238x300.jpg\" sizes=\"auto, (max-width: 238px) 100vw, 238px\" srcset=\"http:\/\/constancecrompton.com\/wp-content\/uploads\/2011\/12\/Margaret_Douglas-238x300.jpg 238w, http:\/\/constancecrompton.com\/wp-content\/uploads\/2011\/12\/Margaret_Douglas-220x276.jpg 220w, http:\/\/constancecrompton.com\/wp-content\/uploads\/2011\/12\/Margaret_Douglas.jpg 398w\" alt=\"\" width=\"238\" height=\"300\" \/><\/a><\/p>\n<p>Partie de <a href=\"https:\/\/inke.ca\/\">Partenariat de recherche INKE<\/a>, dirig\u00e9 par PI Raymond Siemens, le mat\u00e9riel du projet est d\u00e9samorc\u00e9 dans plusieurs projets Wikimedia, o\u00f9 les utilisateurs peuvent le commenter, l&#039;amplifier et m\u00eame le modifier. L&#039;\u00e9dition en <a title=\"Le manuscrit du Devonshire\" href=\"http:\/\/en.wikibooks.org\/wiki\/The_Devonshire_Manuscript \">Wikilivres<\/a> est l&#039;instanciation la plus semblable \u00e0 une monographie. En concertation avec les partenaires \u00e9diteurs d&#039;Iter et <a title=\"MRTS\" href=\"http:\/\/acmrs.org\/publications\/mrts\">Soci\u00e9t\u00e9 des textes m\u00e9di\u00e9vaux et de la Renaissance<\/a>, le projet continue d&#039;explorer de nouveaux lieux de diffusion qui apportent le meilleur de la pratique acad\u00e9mique universitaire, y compris l&#039;examen par les pairs, aux espaces et outils en ligne qui h\u00e9bergent et permettent actuellement la circulation des connaissances publiques. En r\u00e9ponse aux commentaires du Devonshire MS Advisory Group, une version augment\u00e9e de The Social Edition of the Devonshire Manuscript sera publi\u00e9e au sein de la communaut\u00e9 Iter, l&#039;une des trois branches de <a title=\"Iter\" href=\"http:\/\/www.itergateway.org\/\" target=\"_blank\" rel=\"noopener\">Iter : Porte d&#039;entr\u00e9e du Moyen \u00c2ge et de la Renaissance<\/a> fin 2015.<\/p>\n<p>Le manuscrit du Devonshire est un m\u00e9lange de vers compil\u00e9 par les membres du cercle d&#039;Anne Boleyn dans les ann\u00e9es 1530. Comme l&#039;\u00e9dition sociale, il a privil\u00e9gi\u00e9 plusieurs voix \u00e9ditoriales : offrant un aper\u00e7u de la r\u00e9partie lyrique du XVIe si\u00e8cle et du jeu courtois de l&#039;amour, le manuscrit est la premi\u00e8re entreprise d&#039;\u00e9criture communautaire soutenue qui a impliqu\u00e9 des hommes et des femmes anglais.<\/p>\n<p>&nbsp;<\/p>\n<p>Image reproduite avec l&#039;aimable autorisation de Wikimedia Commons<\/p>\n<p><a href=\"http:\/\/constancecrompton.com\/wp-content\/uploads\/2011\/12\/SSHRC-CRSH_FIP.jpg\"><img loading=\"lazy\" decoding=\"async\" class=\"alignleft size-medium wp-image-225\" src=\"http:\/\/constancecrompton.com\/wp-content\/uploads\/2011\/12\/SSHRC-CRSH_FIP-300x12.jpg\" sizes=\"auto, (max-width: 300px) 100vw, 300px\" srcset=\"http:\/\/constancecrompton.com\/wp-content\/uploads\/2011\/12\/SSHRC-CRSH_FIP-300x12.jpg 300w, http:\/\/constancecrompton.com\/wp-content\/uploads\/2011\/12\/SSHRC-CRSH_FIP-1024x42.jpg 1024w, http:\/\/constancecrompton.com\/wp-content\/uploads\/2011\/12\/SSHRC-CRSH_FIP-220x9.jpg 220w, http:\/\/constancecrompton.com\/wp-content\/uploads\/2011\/12\/SSHRC-CRSH_FIP.jpg 1507w\" alt=\"SSHRC-CRSH_FIP\" width=\"300\" height=\"12\" \/><\/a><\/p>\n<\/div>\n<\/div><\/div><\/div><\/div><\/div>","protected":false},"excerpt":{"rendered":"<p>Part of INKE research partnership, led by PI Raymond Siemens, the project&#8217;s material is defused across several Wikimedia projects, where users can comment on it, amplify it, and even change it. The edition in Wikibooks is the most monograph-like instantiation. In consultation with publishing partners at Iter and Medieval and<span class=\"more-link\"><a href=\"https:\/\/humanitiesdata.ca\/fr\/projects\/past-projects\/a-social-edition-of-the-devonshire-manuscript\/\">Read More &rarr;<\/a><\/span><\/p>","protected":false},"author":1,"featured_media":0,"parent":546,"menu_order":1,"comment_status":"closed","ping_status":"closed","template":"","meta":{"footnotes":""},"class_list":["entry","author-crompton","post-550","page","type-page","status-publish"],"_links":{"self":[{"href":"https:\/\/humanitiesdata.ca\/fr\/wp-json\/wp\/v2\/pages\/550","targetHints":{"allow":["GET"]}}],"collection":[{"href":"https:\/\/humanitiesdata.ca\/fr\/wp-json\/wp\/v2\/pages"}],"about":[{"href":"https:\/\/humanitiesdata.ca\/fr\/wp-json\/wp\/v2\/types\/page"}],"author":[{"embeddable":true,"href":"https:\/\/humanitiesdata.ca\/fr\/wp-json\/wp\/v2\/users\/1"}],"replies":[{"embeddable":true,"href":"https:\/\/humanitiesdata.ca\/fr\/wp-json\/wp\/v2\/comments?post=550"}],"version-history":[{"count":2,"href":"https:\/\/humanitiesdata.ca\/fr\/wp-json\/wp\/v2\/pages\/550\/revisions"}],"predecessor-version":[{"id":556,"href":"https:\/\/humanitiesdata.ca\/fr\/wp-json\/wp\/v2\/pages\/550\/revisions\/556"}],"up":[{"embeddable":true,"href":"https:\/\/humanitiesdata.ca\/fr\/wp-json\/wp\/v2\/pages\/546"}],"wp:attachment":[{"href":"https:\/\/humanitiesdata.ca\/fr\/wp-json\/wp\/v2\/media?parent=550"}],"curies":[{"name":"wp","href":"https:\/\/api.w.org\/{rel}","templated":true}]}}