{"id":558,"date":"2019-11-08T15:22:07","date_gmt":"2019-11-08T20:22:07","guid":{"rendered":"https:\/\/humanitiesdata.ca\/?page_id=558"},"modified":"2023-10-02T11:37:23","modified_gmt":"2023-10-02T15:37:23","slug":"lincs-at-uottawa","status":"publish","type":"page","link":"https:\/\/humanitiesdata.ca\/fr\/projects\/lincs-at-uottawa\/","title":{"rendered":"LINCS \u00e0 l&#039;Universit\u00e9 d&#039;Ottawa"},"content":{"rendered":"<div id=\"pl-558\"  class=\"panel-layout\" ><div id=\"pg-558-0\"  class=\"panel-grid panel-no-style\" ><div id=\"pgc-558-0-0\"  class=\"panel-grid-cell\" ><div id=\"panel-558-0-0-0\" class=\"so-panel widget widget_text panel-first-child panel-last-child\" data-index=\"0\" >\t\t\t<div class=\"textwidget\"><p><img loading=\"lazy\" decoding=\"async\" class=\"size-medium wp-image-700 alignright\" src=\"https:\/\/humanitiesdata.ca\/wp-content\/uploads\/2021\/01\/LOGO-Stacked_POS-lincs-300x123.jpg\" alt=\"LINCS logo\" width=\"300\" height=\"123\" srcset=\"https:\/\/humanitiesdata.ca\/wp-content\/uploads\/2021\/01\/LOGO-Stacked_POS-lincs-300x123.jpg 300w, https:\/\/humanitiesdata.ca\/wp-content\/uploads\/2021\/01\/LOGO-Stacked_POS-lincs-1024x421.jpg 1024w, https:\/\/humanitiesdata.ca\/wp-content\/uploads\/2021\/01\/LOGO-Stacked_POS-lincs-768x316.jpg 768w, https:\/\/humanitiesdata.ca\/wp-content\/uploads\/2021\/01\/LOGO-Stacked_POS-lincs-465x191.jpg 465w, https:\/\/humanitiesdata.ca\/wp-content\/uploads\/2021\/01\/LOGO-Stacked_POS-lincs-695x286.jpg 695w, https:\/\/humanitiesdata.ca\/wp-content\/uploads\/2021\/01\/LOGO-Stacked_POS-lincs-1035x425.jpg 1035w, https:\/\/humanitiesdata.ca\/wp-content\/uploads\/2021\/01\/LOGO-Stacked_POS-lincs.jpg 1259w\" sizes=\"auto, (max-width: 300px) 100vw, 300px\" \/><\/p>\n<p>Les Canadiens consultent, analysent et synth\u00e9tisent des ensembles d&#039;informations h\u00e9t\u00e9rog\u00e8nes sur la mani\u00e8re dont les personnes, les lieux, les organisations, les \u00e9v\u00e9nements, les concepts, les \u0153uvres d&#039;art et les artefacts sont connect\u00e9s. Des quantit\u00e9s sans pr\u00e9c\u00e9dent de donn\u00e9es pour traiter des processus sociaux complexes manquent encore de liens significatifs entre les mat\u00e9riaux et les contextes historiques pour soutenir les processus et l&#039;analyse algorithmiques. Les chercheurs en sciences humaines ont besoin d&#039;un Web \u00abs\u00e9mantique\u00bb plus intelligent dont les liens \u00e9tabliront ces connexions pour \u00e9lucider les diverses causes, effets et significations de l&#039;action et de l&#039;expression humaines. La <a href=\"https:\/\/lincsproject.ca\/\">Infrastructure li\u00e9e pour la bourse culturelle en r\u00e9seau<\/a> (LINCS) r\u00e9pondra \u00e0 ce besoin.<\/p>\n<p>Le projet Linked Infrastructure for Networked Cultural Scholarship, un projet de cyberintrastructure de la FCI dirig\u00e9 par l&#039;Universit\u00e9 de Guelph et dirig\u00e9 par la Dre Susan Brown, rassemble des universitaires des universit\u00e9s de Guelph, Toronto, Victoria, Alberta, Ottawa et McGill dans la cr\u00e9ation d&#039;un r\u00e9seau national li\u00e9 m\u00e9moire triple de donn\u00e9es. Le Dr Crompton est le chef de l&#039;\u00e9quipe institutionnelle de l&#039;Universit\u00e9 d&#039;Ottawa sur le projet. L&#039;\u00e9quipe de l&#039;Universit\u00e9 d&#039;Ottawa cr\u00e9e des donn\u00e9es li\u00e9es \u00e0 partir de projets d&#039;humanit\u00e9s num\u00e9riques bas\u00e9s sur XML actuellement cloisonn\u00e9s et cr\u00e9e les aspects bilingues de la conception de l&#039;interface LINCS.<\/p>\n<p>\u00c0 l&#039;\u00e9quipe de l&#039;Universit\u00e9 d&#039;Ottawa, nous travaillons sur des outils pour trouver des entit\u00e9s dans les documents TEI (via le LINCS <a href=\"https:\/\/lincsproject.ca\/docs\/tools\/nssi\/\">ANS<\/a> service de r\u00e9conciliation) et ins\u00e9rez les URI de ces entit\u00e9s dans le balisage TEI pour les utiliser dans les projets des contributeurs ou dans LINCS. L&#039;\u00e9quipe personnalise \u00e9galement Mainz&#039;s<a href=\"https:\/\/xtriples.lod.academy\/index.html\"> L&#039;outil XTriples de la Digitale Akademie<\/a>, pour permettre aux contributeurs de t\u00e9l\u00e9charger leur TEI et de cr\u00e9er un LINCS compatible <a href=\"https:\/\/www.cidoc-crm.org\/node\/202\">CIDOC-CRM<\/a> repr\u00e9sentation de ces \u00e9l\u00e9ments et de leurs relations pour l&#039;ingestion dans le triplestore LINCS.<\/p>\n<h3>Reconnaissance et v\u00e9rification des entit\u00e9s<\/h3>\n<p>La premi\u00e8re \u00e9tape du flux de travail consiste pour les contributeurs \u00e0 utiliser l&#039;appel NSSI de Leaf-Writer\/CWRC-Writer pour la reconnaissance et le rapprochement des entit\u00e9s. Apr\u00e8s r\u00e9conciliation, les contributeurs peuvent t\u00e9l\u00e9charger leur TEI avec les uris d&#039;entit\u00e9 dans \u00e9l\u00e9ments pour leur propre usage. S&#039;ils souhaitent contribuer \u00e0 LINCS, ils peuvent entrer le document TEI qu&#039;ils ont export\u00e9 de Leaf-Writer\/CWRC-Writer dans XTriples.<\/p>\n<h3>Flux de travail XTriples et justification<\/h3>\n<p><img loading=\"lazy\" decoding=\"async\" class=\"size-medium wp-image-766 alignleft\" src=\"https:\/\/humanitiesdata.ca\/wp-content\/uploads\/2022\/03\/tei-nerve-xtriples-lincs-300x144.png\" alt=\"an overview of the TEI conversion process using NSSI, NERVE, CWRCWriter, and XTriples\" width=\"300\" height=\"144\" srcset=\"https:\/\/humanitiesdata.ca\/wp-content\/uploads\/2022\/03\/tei-nerve-xtriples-lincs-300x144.png 300w, https:\/\/humanitiesdata.ca\/wp-content\/uploads\/2022\/03\/tei-nerve-xtriples-lincs-1024x493.png 1024w, https:\/\/humanitiesdata.ca\/wp-content\/uploads\/2022\/03\/tei-nerve-xtriples-lincs-768x370.png 768w, https:\/\/humanitiesdata.ca\/wp-content\/uploads\/2022\/03\/tei-nerve-xtriples-lincs-1536x739.png 1536w, https:\/\/humanitiesdata.ca\/wp-content\/uploads\/2022\/03\/tei-nerve-xtriples-lincs-465x224.png 465w, https:\/\/humanitiesdata.ca\/wp-content\/uploads\/2022\/03\/tei-nerve-xtriples-lincs-695x334.png 695w, https:\/\/humanitiesdata.ca\/wp-content\/uploads\/2022\/03\/tei-nerve-xtriples-lincs.png 1789w\" sizes=\"auto, (max-width: 300px) 100vw, 300px\" \/>Nous avons adopt\u00e9 l&#039;outil XTriples parce qu&#039;il r\u00e9pond aux besoins d&#039;un type tr\u00e8s commun d&#039;utilisateurs de TEI\u00a0: le directeur ou le membre de l&#039;\u00e9quipe d&#039;un projet qui ne va pas \u00eatre en mesure d&#039;apprendre les subtilit\u00e9s de CIDOC-CRM, ou peut-\u00eatre m\u00eame pas de principes de donn\u00e9es li\u00e9es, mais aimeraient quand m\u00eame contribuer leurs donn\u00e9es \u00e0 LINCS. Notre version de XTriples permet aux utilisateurs de saisir leur TEI, avec les URI de l&#039;\u00e9tape ci-dessus, de s\u00e9lectionner les \u00e9l\u00e9ments qu&#039;ils ont dans leur TEI parmi les 44 que nous pr\u00e9voyons de prendre en charge, et de produire automatiquement le CIDOC-CRM approuv\u00e9 par LINCS en XML ou TTL pour leur propre usage ou pour contribuer au LINCS.<\/p>\n<h3>Cartographies sur mesure<\/h3>\n<p>L&#039;\u00e9quipe de l&#039;Universit\u00e9 d&#039;Ottawa encourage les contributeurs du LINCS qui ne b\u00e9n\u00e9ficient pas d&#039;un soutien direct du LINCS mais qui ont besoin d&#039;un mappage plus personnalis\u00e9 entre leur TEI et le CIDOC-CRM \u00e0 utiliser Forth&#039;s <a href=\"http:\/\/139.91.183.3\/3M\/\">Outil de cartographie 3M<\/a> et d&#039;\u00e9crire des XSLT qui cr\u00e9ent la repr\u00e9sentation CIDOC-CRM de leurs donn\u00e9es. Nous avons les ressources jusqu&#039;en juin 2023 pour aider \u00e0 l&#039;\u00e9criture XSLT pour tout projet qui a cr\u00e9\u00e9 un mappage entre leurs donn\u00e9es et CIDOC-CRM.<\/p>\n<p>&nbsp;<\/p>\n<p><sup>1<\/sup><span style=\"font-size: small;\">Pour plus voir:<\/span><\/p>\n<div class=\"csl-bib-body\">\n<div class=\"csl-entry\">\n<p><span style=\"font-size: small;\">Bodard, Gabriel, Hugh Cayless, Pietro Liuzzo, Chiara Cenati, Alison Cooley, Tom Elliott, Silvia Evangelisti, Achille Felicetti, et al. Mod\u00e9lisation de l&#039;\u00e9pigraphie avec une ontologie.<em> Z\u00e9nodo<\/em>, 26 mars 2021. Zenodo, <a href=\"https:\/\/doi.org\/10.5281\/zenodo.4639508\">https:\/\/doi.org\/10.5281\/zenodo.4639508<\/a>.<\/span><\/p>\n<p>&nbsp;<\/p>\n<\/div>\n<\/div>\n<p><span style=\"font-size: small;\">Ciotti, Fabio. &quot;Une ontologie formelle pour l&#039;initiative de codage de texte.&quot; <i>Umanistica num\u00e9rique<\/i>, vol. 2, non. 3, nov. 2018. <i>umanisticadidigale.unibo.it<\/i>,<a href=\"https:\/\/doi.org\/10.6092\/issn.2532-8816\/8174\"> https:\/\/doi.org\/10.6092\/issn.2532-8816\/8174<\/a>.<\/span><\/p>\n<p><span style=\"font-size: small;\">Eide, \u00d8., et C. Ore. &quot;De la TEI \u00e0 un mod\u00e8le conforme au CIDOC-CRM\u00a0: vers une meilleure int\u00e9gration entre les collections de textes et d&#039;autres sources de documentation historique culturelle.&quot; <i>Humanit\u00e9s num\u00e9riques<\/i>, 2007,<a href=\"https:\/\/www.researchgate.net\/publication\/237462642_From_TEI_to_a_CIDOC-CRM_Conforming_Model_Towards_a_Better_Integration_Between_Text_Collections_and_Other_Sources_of_Cultural_Historical_Documentation\"> https:\/\/www.researchgate.net\/publication\/237462642_From_TEI_to_a_CIDOC-CRM_Conforming_Model_Towards_a_Better_Integration_Between_Text_Collections_and_Other_Sources_of_Cultural_Historical_Documentation<\/a>.<\/span><\/p>\n<p><span style=\"font-size: small;\">Liuzzo, Pietro, et al. &quot;Mise en r\u00e9seau d&#039;EAGLE avec CIDOC et TEI.&quot; JE VIENS: <i>Acc\u00e8s et compr\u00e9hension - R\u00e9seautage \u00e0 l&#039;\u00e8re num\u00e9rique<\/i>, 2014, <a href=\"https:\/\/doi.org\/\/paper\/Networking-EAGLE-with-CIDOC-and-TEI-Liuzzo-Ruiz\/312930f9d6e6c511fda6f778687704e185ce2921\">https:\/\/doi.org\/\/paper\/Networking-EAGLE-with-CIDOC-and-TEI-Liuzzo-Ruiz\/312930f9d6e6c511fda6f778687704e185ce2921<\/a><\/span><\/p>\n<p><span style=\"font-size: small;\">Ore, Christian-Emil et \u00d8yvind Eide. \u00ab TEI et ontologies du patrimoine culturel : \u00e9change d&#039;informations ? <i>Informatique litt\u00e9raire et linguistique<\/i>, vol. 24, non. 2, juin 2009, p. 161\u201372.,<a href=\"https:\/\/doi.org\/10.1093\/llc\/fqp010\"> https:\/\/doi.org\/10.1093\/llc\/fqp010<\/a>.<\/span><\/p>\n<p><sup>2 &lt;\/sup<span style=\"font-size: small;\">&gt;&lt;addname&gt;, &lt;address&gt;, &lt;addrline&gt;, &lt;affiliation&gt;, &lt;analytic&gt;, &lt;author&gt;, &lt;biblscope&gt;, &lt;biblstruct&gt;, &lt;birth&gt;, &lt;country&gt;, &lt;date&gt;, &lt;death&gt;, &lt;desc&gt;, &lt;edition&gt;, &lt;editor&gt;, &lt;event&gt;, &lt;event&gt;&lt;desc&gt; &eacute;v&eacute;nement\/description, &lt;forename&gt;, &lt;geo&gt;, &lt;idno&gt;, &lt;imprint&gt;, &lt;label&gt;, &lt;listbibl&gt;, &lt;listperson&gt;, &lt;listplace&gt;, &lt;location&gt;, &lt;monogr&gt;, &lt;nationality&gt;, &lt;note&gt;, &lt;occupation&gt;, &lt;orgname&gt;, &lt;p&gt;, &lt;persname&gt;, &lt;person&gt;, &lt;place&gt;, &lt;placename&gt;, &lt;publisher&gt;, &lt;pubplace&gt;, &lt;residence&gt;, &lt;series&gt;, &lt;state&gt; la personne, &lt;state&gt; place, &lt;surname&gt;, &lt;title&gt; @level<\/span><\/sup><\/p>\n<\/div>\n\t\t<\/div><\/div><\/div><\/div>","protected":false},"excerpt":{"rendered":"<p>Canadians engage with, analyze, and synthesize heterogeneous bodies of information about how people, places, organizations, events, concepts, artworks and artifacts are connected. Unprecedented quantities of data for addressing complex social processes still lack meaningful connections between materials and historical contexts to support algorithmic processes and analysis. Humanities researchers need a<span class=\"more-link\"><a href=\"https:\/\/humanitiesdata.ca\/fr\/projects\/lincs-at-uottawa\/\">Read More &rarr;<\/a><\/span><\/p>","protected":false},"author":1,"featured_media":705,"parent":68,"menu_order":2,"comment_status":"closed","ping_status":"closed","template":"","meta":{"footnotes":""},"class_list":["entry","author-crompton","post-558","page","type-page","status-publish","has-post-thumbnail"],"_links":{"self":[{"href":"https:\/\/humanitiesdata.ca\/fr\/wp-json\/wp\/v2\/pages\/558","targetHints":{"allow":["GET"]}}],"collection":[{"href":"https:\/\/humanitiesdata.ca\/fr\/wp-json\/wp\/v2\/pages"}],"about":[{"href":"https:\/\/humanitiesdata.ca\/fr\/wp-json\/wp\/v2\/types\/page"}],"author":[{"embeddable":true,"href":"https:\/\/humanitiesdata.ca\/fr\/wp-json\/wp\/v2\/users\/1"}],"replies":[{"embeddable":true,"href":"https:\/\/humanitiesdata.ca\/fr\/wp-json\/wp\/v2\/comments?post=558"}],"version-history":[{"count":20,"href":"https:\/\/humanitiesdata.ca\/fr\/wp-json\/wp\/v2\/pages\/558\/revisions"}],"predecessor-version":[{"id":1236,"href":"https:\/\/humanitiesdata.ca\/fr\/wp-json\/wp\/v2\/pages\/558\/revisions\/1236"}],"up":[{"embeddable":true,"href":"https:\/\/humanitiesdata.ca\/fr\/wp-json\/wp\/v2\/pages\/68"}],"wp:featuredmedia":[{"embeddable":true,"href":"https:\/\/humanitiesdata.ca\/fr\/wp-json\/wp\/v2\/media\/705"}],"wp:attachment":[{"href":"https:\/\/humanitiesdata.ca\/fr\/wp-json\/wp\/v2\/media?parent=558"}],"curies":[{"name":"wp","href":"https:\/\/api.w.org\/{rel}","templated":true}]}}