{"id":648,"date":"2020-10-26T09:30:34","date_gmt":"2020-10-26T13:30:34","guid":{"rendered":"https:\/\/humanitiesdata.ca\/?page_id=648"},"modified":"2021-05-26T09:16:49","modified_gmt":"2021-05-26T13:16:49","slug":"trans-mediascapes-project","status":"publish","type":"page","link":"https:\/\/humanitiesdata.ca\/fr\/projects\/trans-mediascapes-project\/","title":{"rendered":"Projet Trans Mediascapes"},"content":{"rendered":"<img loading=\"lazy\" decoding=\"async\" class=\"size-medium wp-image-649 alignleft\" src=\"https:\/\/humanitiesdata.ca\/wp-content\/uploads\/2020\/10\/Screen-Shot-2020-10-26-at-9.23.02-AM-300x297.png\" alt=\"Trans Media Portal\" width=\"300\" height=\"297\" srcset=\"https:\/\/humanitiesdata.ca\/wp-content\/uploads\/2020\/10\/Screen-Shot-2020-10-26-at-9.23.02-AM-300x297.png 300w, https:\/\/humanitiesdata.ca\/wp-content\/uploads\/2020\/10\/Screen-Shot-2020-10-26-at-9.23.02-AM-150x150.png 150w, https:\/\/humanitiesdata.ca\/wp-content\/uploads\/2020\/10\/Screen-Shot-2020-10-26-at-9.23.02-AM-465x461.png 465w, https:\/\/humanitiesdata.ca\/wp-content\/uploads\/2020\/10\/Screen-Shot-2020-10-26-at-9.23.02-AM-505x500.png 505w, https:\/\/humanitiesdata.ca\/wp-content\/uploads\/2020\/10\/Screen-Shot-2020-10-26-at-9.23.02-AM.png 744w\" sizes=\"auto, (max-width: 300px) 100vw, 300px\" \/> \n\n\n\n<p>R\u00e9alis\u00e9 par<a href=\"https:\/\/carleton.ca\/transmedialab\/people\/laura-horak\/\"> Laura Horak<\/a> (Universit\u00e9 Carleton), le projet Trans Mediascapes se consacre \u00e0 l&#039;\u00e9tude du travail esth\u00e9tique, politique et culturel des films trans au Canada et aux \u00c9tats-Unis des ann\u00e9es 1990 \u00e0 aujourd&#039;hui et \u00e0 la construction d&#039;un nouveau type de collaboration <a href=\"https:\/\/www.transgendermediaportal.org\/\">Portail transm\u00e9dia<\/a> d&#039;analyser ces films et leur circulation et de mettre l&#039;information \u00e0 leur sujet \u00e0 la disposition des communaut\u00e9s artistiques trans et du public. Un projet collaboratif, les assistants de recherche travaillent sur divers aspects du projet \u00e0 la <a href=\"https:\/\/carleton.ca\/transmedialab\/\">Laboratoire des m\u00e9dias transgenres<\/a>, la <a href=\"http:\/\/www.stobert.ca\">Laboratoire de recherche sur les interactions de s\u00e9curit\u00e9 et de confidentialit\u00e9<\/a>, et ici au Humanities Data Lab.<\/p>","protected":false},"excerpt":{"rendered":"<p>Directed by Laura Horak (Carleton University), the Trans Mediascapes project is dedicated to investigating the aesthetic, political, and cultural work of trans-made films in Canada and the US from the 1990s to today and build a new type of collaborative Transmedia Portal to analyze these films and their circulation and<span class=\"more-link\"><a href=\"https:\/\/humanitiesdata.ca\/fr\/projects\/trans-mediascapes-project\/\">Read More &rarr;<\/a><\/span><\/p>","protected":false},"author":1,"featured_media":655,"parent":68,"menu_order":2,"comment_status":"closed","ping_status":"closed","template":"","meta":{"footnotes":""},"class_list":["entry","author-crompton","post-648","page","type-page","status-publish","has-post-thumbnail"],"_links":{"self":[{"href":"https:\/\/humanitiesdata.ca\/fr\/wp-json\/wp\/v2\/pages\/648","targetHints":{"allow":["GET"]}}],"collection":[{"href":"https:\/\/humanitiesdata.ca\/fr\/wp-json\/wp\/v2\/pages"}],"about":[{"href":"https:\/\/humanitiesdata.ca\/fr\/wp-json\/wp\/v2\/types\/page"}],"author":[{"embeddable":true,"href":"https:\/\/humanitiesdata.ca\/fr\/wp-json\/wp\/v2\/users\/1"}],"replies":[{"embeddable":true,"href":"https:\/\/humanitiesdata.ca\/fr\/wp-json\/wp\/v2\/comments?post=648"}],"version-history":[{"count":7,"href":"https:\/\/humanitiesdata.ca\/fr\/wp-json\/wp\/v2\/pages\/648\/revisions"}],"predecessor-version":[{"id":716,"href":"https:\/\/humanitiesdata.ca\/fr\/wp-json\/wp\/v2\/pages\/648\/revisions\/716"}],"up":[{"embeddable":true,"href":"https:\/\/humanitiesdata.ca\/fr\/wp-json\/wp\/v2\/pages\/68"}],"wp:featuredmedia":[{"embeddable":true,"href":"https:\/\/humanitiesdata.ca\/fr\/wp-json\/wp\/v2\/media\/655"}],"wp:attachment":[{"href":"https:\/\/humanitiesdata.ca\/fr\/wp-json\/wp\/v2\/media?parent=648"}],"curies":[{"name":"wp","href":"https:\/\/api.w.org\/{rel}","templated":true}]}}