{"id":68,"date":"2018-09-01T20:55:38","date_gmt":"2018-09-02T00:55:38","guid":{"rendered":"https:\/\/humanitiesdata.ca\/?page_id=68"},"modified":"2019-11-08T15:27:23","modified_gmt":"2019-11-08T20:27:23","slug":"projects","status":"publish","type":"page","link":"https:\/\/humanitiesdata.ca\/fr\/projects\/","title":{"rendered":"Projets"},"content":{"rendered":"<div id=\"pl-68\"  class=\"panel-layout\" ><div id=\"pg-68-0\"  class=\"panel-grid panel-no-style\" ><div id=\"pgc-68-0-0\"  class=\"panel-grid-cell\" ><div id=\"panel-68-0-0-0\" class=\"so-panel widget widget_sow-editor panel-first-child panel-last-child\" data-index=\"0\" ><div\n\t\t\t\n\t\t\tclass=\"so-widget-sow-editor so-widget-sow-editor-base\"\n\t\t\t\n\t\t>\n<div class=\"siteorigin-widget-tinymce textwidget\">\n\t<p>Le Humanities Data Lab abrite des projets qui s&#039;engagent dans le travail des sciences humaines - ajoutant de la valeur aux artefacts culturels par l&#039;interpr\u00e9tation et l&#039;analyse - dans un contexte num\u00e9rique. De mani\u00e8re g\u00e9n\u00e9rale, tous les projets du Humanities Data Lab \u00e9tudient le code en tant que support durable pour repr\u00e9senter l&#039;histoire culturelle. Les enjeux sont importants, car le d\u00e9veloppement de donn\u00e9es humanistes durables et robustes fa\u00e7onne ce que les universitaires et le grand public peuvent savoir sur l&#039;histoire culturelle num\u00e9ris\u00e9e. Voir le menu d\u00e9roulant ci-dessus pour plus d&#039;informations sur des projets sp\u00e9cifiques.<\/p>\n<\/div>\n<\/div><\/div><\/div><\/div><\/div>","protected":false},"excerpt":{"rendered":"<p>The Humanities Data Lab houses projects that engage in the work of the humanities&#8211;adding value to cultural artifacts through interpretation and analysis&#8211;in a digital context. Broadly, all Humanities Data Lab projects investigate code as a sustainable medium for representing cultural history. The stakes are high, as the development of sustainable,<span class=\"more-link\"><a href=\"https:\/\/humanitiesdata.ca\/fr\/projects\/\">Read More &rarr;<\/a><\/span><\/p>","protected":false},"author":1,"featured_media":516,"parent":0,"menu_order":0,"comment_status":"closed","ping_status":"closed","template":"","meta":{"footnotes":""},"class_list":["entry","author-crompton","post-68","page","type-page","status-publish","has-post-thumbnail"],"_links":{"self":[{"href":"https:\/\/humanitiesdata.ca\/fr\/wp-json\/wp\/v2\/pages\/68","targetHints":{"allow":["GET"]}}],"collection":[{"href":"https:\/\/humanitiesdata.ca\/fr\/wp-json\/wp\/v2\/pages"}],"about":[{"href":"https:\/\/humanitiesdata.ca\/fr\/wp-json\/wp\/v2\/types\/page"}],"author":[{"embeddable":true,"href":"https:\/\/humanitiesdata.ca\/fr\/wp-json\/wp\/v2\/users\/1"}],"replies":[{"embeddable":true,"href":"https:\/\/humanitiesdata.ca\/fr\/wp-json\/wp\/v2\/comments?post=68"}],"version-history":[{"count":13,"href":"https:\/\/humanitiesdata.ca\/fr\/wp-json\/wp\/v2\/pages\/68\/revisions"}],"predecessor-version":[{"id":1005,"href":"https:\/\/humanitiesdata.ca\/fr\/wp-json\/wp\/v2\/pages\/68\/revisions\/1005"}],"wp:featuredmedia":[{"embeddable":true,"href":"https:\/\/humanitiesdata.ca\/fr\/wp-json\/wp\/v2\/media\/516"}],"wp:attachment":[{"href":"https:\/\/humanitiesdata.ca\/fr\/wp-json\/wp\/v2\/media?parent=68"}],"curies":[{"name":"wp","href":"https:\/\/api.w.org\/{rel}","templated":true}]}}